{"id":4214,"date":"2020-10-23T19:09:19","date_gmt":"2020-10-23T17:09:19","guid":{"rendered":"https:\/\/futurafabrica.eu\/futurafabrica\/lavenir-de-leurope\/"},"modified":"2020-11-09T15:52:15","modified_gmt":"2020-11-09T14:52:15","slug":"lavenir-de-leurope","status":"publish","type":"page","link":"https:\/\/futurafabrica.eu\/fr\/","title":{"rendered":"L\u2019Avenir de l\u2019Europe"},"content":{"rendered":"<div id='layer_slider_1'  class='avia-layerslider main_color avia-shadow  avia-builder-el-0  el_before_av_two_fifth  avia-builder-el-first  container_wrap sidebar_right' style='  height: 501px;' ><\/div><div id='after_layer_slider_1'  class='main_color av_default_container_wrap container_wrap sidebar_right' style=' '  ><div class='container' ><div class='template-page content  av-content-small alpha units'><div class='post-entry post-entry-type-page post-entry-4214'><div class='entry-content-wrapper clearfix'>\n<div class='flex_column_table av-equal-height-column-flextable -flextable' style='margin-top:0px; margin-bottom:0px; '><div class=\"flex_column av_two_fifth  flex_column_table_cell av-equal-height-column av-align-middle first  avia-builder-el-1  el_after_av_layerslider  el_before_av_three_fifth  avia-builder-el-first  \" style='background: #ebf0f1; padding:80px; background-color:#ebf0f1; border-radius:0px; '><div  style='padding-bottom:0px; color:#005068;' class='av-special-heading av-special-heading-h1 custom-color-heading   avia-builder-el-2  avia-builder-el-no-sibling  '><h1 class='av-special-heading-tag '  itemprop=\"headline\"  >O\u00f9 habite la <br \/>L\u2019avenir de l\u2019Europe ?<\/h1><div class='special-heading-border'><div class='special-heading-inner-border' style='border-color:#005068'><\/div><\/div><\/div><\/div>\n<div class='av-flex-placeholder'><\/div><div class=\"flex_column av_three_fifth  flex_column_table_cell av-equal-height-column av-align-middle av-zero-column-padding   avia-builder-el-3  el_after_av_two_fifth  el_before_av_one_fourth  \" style='border-radius:0px; '><p><div  style='padding-bottom:0px; margin:0 0 0 0; ' class='av-special-heading av-special-heading-h3  blockquote modern-quote  avia-builder-el-4  el_before_av_textblock  avia-builder-el-first  '><h3 class='av-special-heading-tag '  itemprop=\"headline\"  >Notre atelier d\u2019avenir ind\u00e9pendant, entre les partis et les pays<\/h3><div class='special-heading-border'><div class='special-heading-inner-border' ><\/div><\/div><\/div><br \/>\n<section class=\"av_textblock_section \"  itemscope=\"itemscope\" itemtype=\"https:\/\/schema.org\/CreativeWork\" ><div class='avia_textblock  '   itemprop=\"text\" ><blockquote>\n<p>d\u00e9veloppe des solutions constructives pour une Europe plus innovante, \u00e9conomiquement plus forte, plus sociale, s\u00fbre et neutre sur le plan climatique. Chacun peut participer avec ses id\u00e9es personnelles. Nous r\u00e9unissons les r\u00e9solveurs de probl\u00e8mes et les d\u00e9cideurs.<\/p>\n<\/blockquote>\n<\/div><\/section><\/p><\/div><\/div><!--close column table wrapper. Autoclose: 1 -->\n<div class='flex_column_table av-equal-height-column-flextable -flextable' ><div class=\"flex_column av_one_fourth  flex_column_table_cell av-equal-height-column av-align-top av-zero-column-padding first  avia-builder-el-6  el_after_av_three_fifth  el_before_av_one_fourth  \" style='border-radius:0px; '><article  class=\"iconbox iconbox_left    avia-builder-el-7  avia-builder-el-no-sibling  \"  itemscope=\"itemscope\" itemtype=\"https:\/\/schema.org\/CreativeWork\" ><div class=\"iconbox_content\"><header class=\"entry-content-header\"><div class=\"iconbox_icon heading-color\" aria-hidden='true' data-av_icon='\ue8b1' data-av_iconfont='entypo-fontello'  style='color:#d43257; ' ><\/div><h3 class='iconbox_content_title  '  itemprop=\"headline\"  ><a href='https:\/\/futurafabrica.eu\/fr\/atelier-du-futur\/' title='Atelier du futur'  >Atelier du futur<\/a><\/h3><\/header><div class='iconbox_content_container  '  itemprop=\"text\"  ><p>Que voulez-vous d\u2019une Europe future ? \u00c9crivez-nous <strong>vos id\u00e9es personnelles et suggestions d\u2019am\u00e9lioration<\/strong> ou engagez-vous directement en tant que partenaire de coop\u00e9ration.<\/p>\n<\/div><\/div><footer class=\"entry-footer\"><\/footer><\/article><\/div>\n<div class='av-flex-placeholder'><\/div><div class=\"flex_column av_one_fourth  flex_column_table_cell av-equal-height-column av-align-top   avia-builder-el-8  el_after_av_one_fourth  el_before_av_one_fourth  \" ><article  class=\"iconbox iconbox_left    avia-builder-el-9  avia-builder-el-no-sibling  \"  itemscope=\"itemscope\" itemtype=\"https:\/\/schema.org\/CreativeWork\" ><div class=\"iconbox_content\"><header class=\"entry-content-header\"><div class=\"iconbox_icon heading-color\" aria-hidden='true' data-av_icon='\ue84e' data-av_iconfont='entypo-fontello'  style='color:#d43257; ' ><\/div><h3 class='iconbox_content_title  '  itemprop=\"headline\"  ><a href='https:\/\/futurafabrica.eu\/fr\/blog-2\/' title='Blog'  >Blog<\/a><\/h3><\/header><div class='iconbox_content_container  '  itemprop=\"text\"  ><p>Rien n\u2019est plus fort qu\u2019une id\u00e9e dont le temps est venu. Et qu\u2019en est-il de <strong>vos propres id\u00e9es<\/strong>? \u00c9crivez-nous.<\/p>\n<\/div><\/div><footer class=\"entry-footer\"><\/footer><\/article><\/div>\n<div class='av-flex-placeholder'><\/div><div class=\"flex_column av_one_fourth  flex_column_table_cell av-equal-height-column av-align-top   avia-builder-el-10  el_after_av_one_fourth  el_before_av_one_fourth  \" ><article  class=\"iconbox iconbox_left    avia-builder-el-11  avia-builder-el-no-sibling  \"  itemscope=\"itemscope\" itemtype=\"https:\/\/schema.org\/CreativeWork\" ><div class=\"iconbox_content\"><header class=\"entry-content-header\"><div class=\"iconbox_icon heading-color\" aria-hidden='true' data-av_icon='\ue85b' data-av_iconfont='entypo-fontello'  style='color:#d43257; ' ><\/div><h3 class='iconbox_content_title  '  itemprop=\"headline\"  ><a href='https:\/\/futurafabrica.eu\/fr\/dates\/' title='Dates'  >Dates<\/a><\/h3><\/header><div class='iconbox_content_container  '  itemprop=\"text\"  ><p>Des rendez-vous importants et des r\u00e9f\u00e9rences \u00e0 des \u00e9v\u00e9nements importants <strong>\u00e0 Bruxelles<\/strong> et dans toute l\u2019Europe.<\/p>\n<\/div><\/div><footer class=\"entry-footer\"><\/footer><\/article><\/div>\n<div class='av-flex-placeholder'><\/div><div class=\"flex_column av_one_fourth  flex_column_table_cell av-equal-height-column av-align-top   avia-builder-el-12  el_after_av_one_fourth  el_before_av_one_fourth  \" ><article  class=\"iconbox iconbox_left    avia-builder-el-13  avia-builder-el-no-sibling  \"  itemscope=\"itemscope\" itemtype=\"https:\/\/schema.org\/CreativeWork\" ><div class=\"iconbox_content\"><header class=\"entry-content-header\"><div class=\"iconbox_icon heading-color\" aria-hidden='true' data-av_icon='\ue83c' data-av_iconfont='entypo-fontello'  style='color:#d43257; ' ><\/div><h3 class='iconbox_content_title  '  itemprop=\"headline\"  ><a href='https:\/\/futurafabrica.eu\/fr\/forum-2\/' title='Forum'  >Forum<\/a><\/h3><\/header><div class='iconbox_content_container  '  itemprop=\"text\"  ><p>Si vous souhaitez participer activement au <strong>d\u00e9veloppement<\/strong> de notre livre blanc, enregistrez-vous aupr\u00e8s de nous.<\/p>\n<\/div><\/div><footer class=\"entry-footer\"><\/footer><\/article><\/div><\/div><!--close column table wrapper. Autoclose: 1 -->\n<div class=\"flex_column av_one_fourth  flex_column_div first  avia-builder-el-14  el_after_av_one_fourth  el_before_av_three_fourth  column-top-margin\" ><section class=\"av_textblock_section \"  itemscope=\"itemscope\" itemtype=\"https:\/\/schema.org\/CreativeWork\" ><div class='avia_textblock  '   itemprop=\"text\" ><h6>Articles les plus r\u00e9cents<\/h6>\n<p><em>Avec Futura Fabrica, voir les d\u00e9bats et tendances actuels sous une nouvelle perspective<\/em><\/p>\n<p><a href=\"https:\/\/futurafabrica.eu\/fr\/blog-2\/\">Lire tous les articles<\/a><\/p>\n<\/div><\/section><\/div>\n<div class=\"flex_column av_three_fourth  flex_column_div   avia-builder-el-16  el_after_av_one_fourth  avia-builder-el-last  column-top-margin\" ><div   data-autoplay=''  data-interval='5'  data-animation='fade'  data-show_slide_delay='90'  class='avia-content-slider avia-content-slider-active avia-content-slider1 avia-content-slider-odd  avia-builder-el-17  avia-builder-el-no-sibling  '  itemscope=\"itemscope\" itemtype=\"https:\/\/schema.org\/Blog\" ><div class='avia-content-slider-inner'><div class='slide-entry-wrap'><article class='slide-entry flex_column  post-entry post-entry-5278 slide-entry-overview slide-loop-1 slide-parity-odd  av_one_third first real-thumbnail post-format-standard'  itemscope=\"itemscope\" itemtype=\"https:\/\/schema.org\/CreativeWork\" ><a href='https:\/\/futurafabrica.eu\/fr\/mecanisme-de-letat-de-droit-lue-a-la-croisee-des-chemins\/' data-rel='slide-1' class='slide-image' title='M\u00e9canisme de l\u2019\u00c9tat de droit &#8211; L\u2019UE \u00e0 la crois\u00e9e des chemins'><img width=\"495\" height=\"400\" src=\"https:\/\/futurafabrica.eu\/wp-content\/uploads\/2020\/11\/EU-Veto-Flagge-495x400.jpeg\" class=\"wp-image-5267 avia-img-lazy-loading-not-5267 attachment-portfolio size-portfolio wp-post-image\" alt=\"\" srcset=\"https:\/\/futurafabrica.eu\/wp-content\/uploads\/2020\/11\/EU-Veto-Flagge-495x400.jpeg 495w, https:\/\/futurafabrica.eu\/wp-content\/uploads\/2020\/11\/EU-Veto-Flagge-845x684.jpeg 845w\" sizes=\"(max-width: 495px) 100vw, 495px\" \/><\/a><div class='slide-content'><header class=\"entry-content-header\"><h3 class='slide-entry-title entry-title '  itemprop=\"headline\" ><a href='https:\/\/futurafabrica.eu\/fr\/mecanisme-de-letat-de-droit-lue-a-la-croisee-des-chemins\/' title='M\u00e9canisme de l\u2019\u00c9tat de droit &#8211; L\u2019UE \u00e0 la crois\u00e9e des chemins'>M\u00e9canisme de l\u2019\u00c9tat de droit &#8211; L\u2019UE \u00e0 la crois\u00e9e des chemins<\/a><\/h3><span class=\"av-vertical-delimiter\"><\/span><\/header><div class='slide-meta'><div class='slide-meta-comments'><a href='https:\/\/futurafabrica.eu\/fr\/mecanisme-de-letat-de-droit-lue-a-la-croisee-des-chemins\/#respond'>0 Commentaires<\/a><\/div><div class='slide-meta-del'>\/<\/div><time class='slide-meta-time updated'  itemprop=\"datePublished\" datetime=\"2020-11-24T12:31:36+01:00\" >24. novembre 2020<\/time><\/div><div class='slide-entry-excerpt entry-content'  itemprop=\"text\" >C\u2019est arriv\u00e9 une fois de plus. L\u2019UE est incapable d\u2019agir en raison de probl\u00e8mes de vote au sein du Conseil afin de d\u00e9bloquer l\u2019aide Corona dont elle a cruellement besoin.  <div class=\"read-more-link\"><a href=\"https:\/\/futurafabrica.eu\/fr\/mecanisme-de-letat-de-droit-lue-a-la-croisee-des-chemins\/\" class=\"more-link\">Lire la suite<span class=\"more-link-arrow\"><\/span><\/a><\/div><\/div><\/div><footer class=\"entry-footer\"><\/footer><span class='hidden'>\n\t\t\t\t<span class='av-structured-data'  itemprop=\"image\" itemscope=\"itemscope\" itemtype=\"https:\/\/schema.org\/ImageObject\" >\n\t\t\t\t\t\t<span itemprop='url'>https:\/\/futurafabrica.eu\/wp-content\/uploads\/2020\/11\/EU-Veto-Flagge.jpeg<\/span>\n\t\t\t\t\t\t<span itemprop='height'>1358<\/span>\n\t\t\t\t\t\t<span itemprop='width'>2056<\/span>\n\t\t\t\t<\/span>\n\t\t\t\t<span class='av-structured-data'  itemprop=\"publisher\" itemtype=\"https:\/\/schema.org\/Organization\" itemscope=\"itemscope\" >\n\t\t\t\t\t\t<span itemprop='name'>Hubert Iral<\/span>\n\t\t\t\t\t\t<span itemprop='logo' itemscope itemtype='https:\/\/schema.org\/ImageObject'>\n\t\t\t\t\t\t\t<span itemprop='url'>https:\/\/futurafabrica.eu\/wp-content\/uploads\/2020\/11\/Logo-futura-300x110_final.png<\/span>\n\t\t\t\t\t\t <\/span>\n\t\t\t\t<\/span><span class='av-structured-data'  itemprop=\"author\" itemscope=\"itemscope\" itemtype=\"https:\/\/schema.org\/Person\" ><span itemprop='name'>Hubert Iral<\/span><\/span><span class='av-structured-data'  itemprop=\"datePublished\" datetime=\"2020-10-23T19:09:19+02:00\" >2020-11-24 12:31:36<\/span><span class='av-structured-data'  itemprop=\"dateModified\" itemtype=\"https:\/\/schema.org\/dateModified\" >2020-12-01 23:45:23<\/span><span class='av-structured-data'  itemprop=\"mainEntityOfPage\" itemtype=\"https:\/\/schema.org\/mainEntityOfPage\" ><span itemprop='name'>M\u00e9canisme de l\u2019\u00c9tat de droit &#8211; L\u2019UE \u00e0 la crois\u00e9e des chemins<\/span><\/span><\/span><\/article><article class='slide-entry flex_column  post-entry post-entry-4495 slide-entry-overview slide-loop-2 slide-parity-even  post-entry-last  av_one_third  real-thumbnail post-format-standard'  itemscope=\"itemscope\" itemtype=\"https:\/\/schema.org\/CreativeWork\" ><a href='https:\/\/futurafabrica.eu\/fr\/la-banque-centrale-europeenne-etudie-lintroduction-de-sa-propre-monnaie-numerique\/' data-rel='slide-1' class='slide-image' title='La Banque centrale europ\u00e9enne \u00e9tudie l\u2019introduction de sa propre monnaie num\u00e9rique.'><img width=\"495\" height=\"400\" src=\"https:\/\/futurafabrica.eu\/wp-content\/uploads\/2011\/02\/zentralbank-blog-495x400.jpg\" class=\"wp-image-4496 avia-img-lazy-loading-not-4496 attachment-portfolio size-portfolio wp-post-image\" alt=\"La Banque centrale europ\u00e9enne \u00e9tudie l\u2019introduction de sa propre monnaie num\u00e9rique\" \/><\/a><div class='slide-content'><header class=\"entry-content-header\"><h3 class='slide-entry-title entry-title '  itemprop=\"headline\" ><a href='https:\/\/futurafabrica.eu\/fr\/la-banque-centrale-europeenne-etudie-lintroduction-de-sa-propre-monnaie-numerique\/' title='La Banque centrale europ\u00e9enne \u00e9tudie l\u2019introduction de sa propre monnaie num\u00e9rique.'>La Banque centrale europ\u00e9enne \u00e9tudie l\u2019introduction de sa propre monnaie num\u00e9rique.<\/a><\/h3><span class=\"av-vertical-delimiter\"><\/span><\/header><div class='slide-meta'><div class='slide-meta-comments'><a href='https:\/\/futurafabrica.eu\/fr\/la-banque-centrale-europeenne-etudie-lintroduction-de-sa-propre-monnaie-numerique\/#respond'>0 Commentaires<\/a><\/div><div class='slide-meta-del'>\/<\/div><time class='slide-meta-time updated'  itemprop=\"datePublished\" datetime=\"2020-10-25T14:35:35+01:00\" >25. octobre 2020<\/time><\/div><div class='slide-entry-excerpt entry-content'  itemprop=\"text\" >La BCE a cr\u00e9\u00e9 un groupe de travail avec les banques centrales suisse, su\u00e9doise, britannique et canadienne et la Banque des r\u00e8glements internationaux pour ce grand projet.<div class=\"read-more-link\"><a href=\"https:\/\/futurafabrica.eu\/fr\/la-banque-centrale-europeenne-etudie-lintroduction-de-sa-propre-monnaie-numerique\/\" class=\"more-link\">Lire la suite<span class=\"more-link-arrow\"><\/span><\/a><\/div><\/div><\/div><footer class=\"entry-footer\"><\/footer><span class='hidden'>\n\t\t\t\t<span class='av-structured-data'  itemprop=\"image\" itemscope=\"itemscope\" itemtype=\"https:\/\/schema.org\/ImageObject\" >\n\t\t\t\t\t\t<span itemprop='url'>https:\/\/futurafabrica.eu\/wp-content\/uploads\/2011\/02\/zentralbank-blog.jpg<\/span>\n\t\t\t\t\t\t<span itemprop='height'>650<\/span>\n\t\t\t\t\t\t<span itemprop='width'>1000<\/span>\n\t\t\t\t<\/span>\n\t\t\t\t<span class='av-structured-data'  itemprop=\"publisher\" itemtype=\"https:\/\/schema.org\/Organization\" itemscope=\"itemscope\" >\n\t\t\t\t\t\t<span itemprop='name'>Markus Lempa<\/span>\n\t\t\t\t\t\t<span itemprop='logo' itemscope itemtype='https:\/\/schema.org\/ImageObject'>\n\t\t\t\t\t\t\t<span itemprop='url'>https:\/\/futurafabrica.eu\/wp-content\/uploads\/2020\/11\/Logo-futura-300x110_final.png<\/span>\n\t\t\t\t\t\t <\/span>\n\t\t\t\t<\/span><span class='av-structured-data'  itemprop=\"author\" itemscope=\"itemscope\" itemtype=\"https:\/\/schema.org\/Person\" ><span itemprop='name'>Markus Lempa<\/span><\/span><span class='av-structured-data'  itemprop=\"datePublished\" datetime=\"2020-10-23T19:09:19+02:00\" >2020-10-25 14:35:35<\/span><span class='av-structured-data'  itemprop=\"dateModified\" itemtype=\"https:\/\/schema.org\/dateModified\" >2020-10-28 20:40:38<\/span><span class='av-structured-data'  itemprop=\"mainEntityOfPage\" itemtype=\"https:\/\/schema.org\/mainEntityOfPage\" ><span itemprop='name'>La Banque centrale europ\u00e9enne \u00e9tudie l\u2019introduction de sa propre monnaie num\u00e9rique.<\/span><\/span><\/span><\/article><\/div><\/div><\/div><\/div>\n","protected":false},"excerpt":{"rendered":"","protected":false},"author":1,"featured_media":0,"parent":0,"menu_order":0,"comment_status":"closed","ping_status":"closed","template":"","meta":[],"yoast_head":"<!-- This site is optimized with the Yoast SEO plugin v15.2.1 - https:\/\/yoast.com\/wordpress\/plugins\/seo\/ -->\n<title>L\u2019Avenir de l\u2019Europe - Futura Fabrica - Adh\u00e9rer maintenant!<\/title>\n<meta name=\"description\" content=\"Notre atelier d\u2019avenir ind\u00e9pendant, entre les partis et les pays.\" \/>\n<meta name=\"robots\" content=\"index, follow, max-snippet:-1, max-image-preview:large, max-video-preview:-1\" \/>\n<link rel=\"canonical\" href=\"https:\/\/futurafabrica.eu\/fr\/\" \/>\n<meta property=\"og:locale\" content=\"fr_FR\" \/>\n<meta property=\"og:type\" content=\"article\" \/>\n<meta property=\"og:title\" content=\"L\u2019Avenir de l\u2019Europe - Futura Fabrica - Adh\u00e9rer maintenant!\" \/>\n<meta property=\"og:description\" content=\"Notre atelier d\u2019avenir ind\u00e9pendant, entre les partis et les pays.\" \/>\n<meta property=\"og:url\" content=\"https:\/\/futurafabrica.eu\/fr\/\" \/>\n<meta property=\"og:site_name\" content=\"Futura Fabrica\" \/>\n<meta property=\"article:modified_time\" content=\"2020-11-09T14:52:15+00:00\" \/>\n<meta name=\"twitter:card\" content=\"summary_large_image\" \/>\n<script type=\"application\/ld+json\" class=\"yoast-schema-graph\">{\"@context\":\"https:\/\/schema.org\",\"@graph\":[{\"@type\":\"WebSite\",\"@id\":\"https:\/\/futurafabrica.eu\/#website\",\"url\":\"https:\/\/futurafabrica.eu\/\",\"name\":\"Futura Fabrica\",\"description\":\"Wir bringen Probleml\\u00f6ser und Entscheider zusammen\",\"potentialAction\":[{\"@type\":\"SearchAction\",\"target\":\"https:\/\/futurafabrica.eu\/?s={search_term_string}\",\"query-input\":\"required name=search_term_string\"}],\"inLanguage\":\"fr-FR\"},{\"@type\":\"WebPage\",\"@id\":\"https:\/\/futurafabrica.eu\/fr\/#webpage\",\"url\":\"https:\/\/futurafabrica.eu\/fr\/\",\"name\":\"L\\u2019Avenir de l\\u2019Europe - Futura Fabrica - Adh\\u00e9rer maintenant!\",\"isPartOf\":{\"@id\":\"https:\/\/futurafabrica.eu\/#website\"},\"datePublished\":\"2020-10-23T17:09:19+00:00\",\"dateModified\":\"2020-11-09T14:52:15+00:00\",\"description\":\"Notre atelier d\\u2019avenir ind\\u00e9pendant, entre les partis et les pays.\",\"inLanguage\":\"fr-FR\",\"potentialAction\":[{\"@type\":\"ReadAction\",\"target\":[\"https:\/\/futurafabrica.eu\/fr\/\"]}]}]}<\/script>\n<!-- \/ Yoast SEO plugin. -->","_links":{"self":[{"href":"https:\/\/futurafabrica.eu\/fr\/wp-json\/wp\/v2\/pages\/4214\/"}],"collection":[{"href":"https:\/\/futurafabrica.eu\/fr\/wp-json\/wp\/v2\/pages\/"}],"about":[{"href":"https:\/\/futurafabrica.eu\/fr\/wp-json\/wp\/v2\/types\/page\/"}],"author":[{"embeddable":true,"href":"https:\/\/futurafabrica.eu\/fr\/wp-json\/wp\/v2\/users\/1\/"}],"replies":[{"embeddable":true,"href":"https:\/\/futurafabrica.eu\/fr\/wp-json\/wp\/v2\/comments\/?post=4214"}],"version-history":[{"count":24,"href":"https:\/\/futurafabrica.eu\/fr\/wp-json\/wp\/v2\/pages\/4214\/revisions\/"}],"predecessor-version":[{"id":5259,"href":"https:\/\/futurafabrica.eu\/fr\/wp-json\/wp\/v2\/pages\/4214\/revisions\/5259\/"}],"wp:attachment":[{"href":"https:\/\/futurafabrica.eu\/fr\/wp-json\/wp\/v2\/media\/?parent=4214"}],"curies":[{"name":"wp","href":"https:\/\/api.w.org\/{rel}","templated":true}]}}