{"id":4319,"date":"2020-10-23T19:11:01","date_gmt":"2020-10-23T17:11:01","guid":{"rendered":"https:\/\/futurafabrica.eu\/futurafabrica\/crise-des-refugies\/"},"modified":"2020-11-09T14:26:10","modified_gmt":"2020-11-09T13:26:10","slug":"crise-des-refugies","status":"publish","type":"page","link":"https:\/\/futurafabrica.eu\/fr\/crise-des-refugies\/","title":{"rendered":"Crise des r\u00e9fugi\u00e9s"},"content":{"rendered":"<div id='layer_slider_1'  class='avia-layerslider main_color avia-shadow  avia-builder-el-0  el_before_av_three_fifth  avia-builder-el-first  container_wrap sidebar_right' style='  height: 501px;' ><\/div><div id='after_layer_slider_1'  class='main_color av_default_container_wrap container_wrap sidebar_right' style=' '  ><div class='container' ><div class='template-page content  av-content-small alpha units'><div class='post-entry post-entry-type-page post-entry-4319'><div class='entry-content-wrapper clearfix'>\n<div class=\"flex_column av_three_fifth  flex_column_div av-zero-column-padding first  avia-builder-el-1  el_after_av_layerslider  el_before_av_one_half  avia-builder-el-first  \" style='border-radius:0px; '><div  style='padding-bottom:10px; font-size:34px;' class='av-special-heading av-special-heading-h2  blockquote modern-quote  avia-builder-el-2  avia-builder-el-no-sibling  av-inherit-size '><h2 class='av-special-heading-tag '  itemprop=\"headline\"  >Le probl\u00e8me<\/h2><div class ='av-subheading av-subheading_below  ' style='font-size:15px;'><p>Il n\u2019y a pas de pays europ\u00e9en qui, par le pass\u00e9, n\u2019ait pas d\u00e9j\u00e0 vu fuir des personnes \u00e0 la suite de la guerre, des pertes de r\u00e9coltes \u00e0 la suite d\u2019une s\u00e9cheresse ou \u00e0 cause de pers\u00e9cutions politiques ou religieuses. En \u00e9change d\u2019une meilleure connaissance, les r\u00e9fugi\u00e9s ne sont pas \u00e9valu\u00e9s en fonction de la valeur ajout\u00e9e qu\u2019ils peuvent apporter \u00e0 une soci\u00e9t\u00e9 vieillissante ou \u00e0 une \u00e9conomie qui n\u2019a pas de travailleurs qualifi\u00e9s, mais en fonction des facteurs de co\u00fbt et de risque.<\/p>\n<\/div><div class='special-heading-border'><div class='special-heading-inner-border' ><\/div><\/div><\/div><\/div><div class='flex_column_table av-equal-height-column-flextable -flextable' ><div class=\"flex_column av_one_half  no_margin flex_column_table_cell av-equal-height-column av-align-top first  avia-builder-el-3  el_after_av_three_fifth  el_before_av_one_half  \" style='background: #f1f6fc; padding:40px; background-color:#f1f6fc; border-radius:0px; '><section class=\"av_textblock_section \"  itemscope=\"itemscope\" itemtype=\"https:\/\/schema.org\/CreativeWork\" ><div class='avia_textblock  '   itemprop=\"text\" ><span class=\"av_dropcap1 \" >D<\/span>\n<p>e la coop\u00e9ration actuelle avec des \u00c9tats autocratiques tels que la Turquie cr\u00e9e des d\u00e9pendances qui aggravent encore le probl\u00e8me des r\u00e9fugi\u00e9s. Les \u00abparrainages de retour\u00bb pr\u00e9vus par l\u2019UE dans le cadre du pacte actuel sur les migrations ne fonctionneront pas non plus. Les personnes qui n\u2019ont rien \u00e0 perdre \u00e0 la suite d\u2019une guerre civile ou des cons\u00e9quences du changement climatique continueront \u00e0 se rendre entre les mains des r\u00e9seaux de passeurs.<\/p>\n<\/div><\/section><\/div><\/p>\n<div class=\"flex_column av_one_half  no_margin flex_column_table_cell av-equal-height-column av-align-top   avia-builder-el-5  el_after_av_one_half  el_before_av_section  avia-builder-el-last  \" style='background: #f1f6fc; padding:40px; background-color:#f1f6fc; border-radius:0px; '><section class=\"av_textblock_section \"  itemscope=\"itemscope\" itemtype=\"https:\/\/schema.org\/CreativeWork\" ><div class='avia_textblock  '   itemprop=\"text\" ><p>Nous ne sommes pas non plus confront\u00e9s au fait que la plupart des familles europ\u00e9ennes ont leur propre histoire de r\u00e9fugi\u00e9s et que l\u2019Europe a une responsabilit\u00e9 historique, en particulier vis-\u00e0-vis de l\u2019Afrique. Ce n\u2019est qu\u2019avec l\u2019apparition du mouvement Black Lives Matter et l\u2019intensification de la discussion sur le racisme de tous les jours que nous avons \u00e9t\u00e9 douloureusement rappel\u00e9s que nous sommes tous dans une obligation particuli\u00e8re de r\u00e9soudre durablement les erreurs du pass\u00e9. Le probl\u00e8me non r\u00e9solu des r\u00e9fugi\u00e9s n\u2019est donc pas uniquement d\u00fb au savoir-faire, mais \u00e0 la volont\u00e9.<\/p>\n<\/div><\/section><\/div><\/div><!--close column table wrapper. Autoclose: 1 -->\n<\/div><\/div><\/div><!-- close content main div --><\/div><\/div><div id='av_section_1'  class='avia-section main_color avia-section-default avia-no-border-styling  avia-bg-style-scroll  avia-builder-el-7  el_after_av_one_half  el_before_av_hr   container_wrap sidebar_right' style='background-color: #0e5aa7;  '  ><div class='container' ><div class='template-page content  av-content-small alpha units'><div class='post-entry post-entry-type-page post-entry-4319'><div class='entry-content-wrapper clearfix'>\n<div class='flex_column_table av-equal-height-column-flextable av-break-at-tablet-flextable' style='margin-top:5px; margin-bottom:5px; '><div class=\"flex_column av_one_fourth  no_margin av-break-at-tablet flex_column_table_cell av-equal-height-column av-align-top first  avia-builder-el-8  el_before_av_one_fourth  avia-builder-el-first  \" style='padding:20px; border-radius:0px; '><div  style='padding-bottom:20px; color:#ffffff;font-size:34px;' class='av-special-heading av-special-heading-h2 custom-color-heading blockquote modern-quote  avia-builder-el-9  avia-builder-el-no-sibling  av-inherit-size '><h2 class='av-special-heading-tag '  itemprop=\"headline\"  >La vision<\/h2><div class='special-heading-border'><div class='special-heading-inner-border' style='border-color:#ffffff'><\/div><\/div><\/div><\/div><div class=\"flex_column av_one_fourth  no_margin av-break-at-tablet flex_column_table_cell av-equal-height-column av-align-top   avia-builder-el-10  el_after_av_one_fourth  el_before_av_one_fourth  \" style='background: #ffffff; padding:30px; background-color:#ffffff; border-radius:0px; '><section class=\"av_textblock_section \"  itemscope=\"itemscope\" itemtype=\"https:\/\/schema.org\/CreativeWork\" ><div class='avia_textblock  av_inherit_color '  style='color:#4f4f4f; '  itemprop=\"text\" ><p>Peu de gens qui partent volontairement de leur foyer s\u2019ils n\u2019ont pas besoin de le faire. C\u2019est pourquoi la recherche d\u2019une solution alternative consiste \u00e0 cr\u00e9er des abris pour les r\u00e9fugi\u00e9s \u00e0 proximit\u00e9 s\u00fbre de leur foyer d\u2019origine. En effet, le retour dans leur foyer est et reste la motivation la plus \u00e9lev\u00e9e pour les familles concern\u00e9es. \u00c0 cette fin, l\u2019UE pourrait installer des abris de r\u00e9fugi\u00e9s dans des zones frontali\u00e8res facilement accessibles pour les r\u00e9fugi\u00e9s.<\/p>\n<\/div><\/section><\/div><div class=\"flex_column av_one_fourth  no_margin av-break-at-tablet flex_column_table_cell av-equal-height-column av-align-top   avia-builder-el-12  el_after_av_one_fourth  el_before_av_one_fourth  \" style='background: #f1f6fc; padding:30px; background-color:#f1f6fc; border-radius:0px; '><section class=\"av_textblock_section \"  itemscope=\"itemscope\" itemtype=\"https:\/\/schema.org\/CreativeWork\" ><div class='avia_textblock  av_inherit_color '  style='color:#4f4f4f; '  itemprop=\"text\" ><p>Sous la protection des casques bleus de l\u2019ONU, des communaut\u00e9s de r\u00e9fugi\u00e9s pourraient alors \u00eatre cr\u00e9\u00e9es en tant que zones temporaires et s\u00fbres. La construction de maisons et d\u2019infrastructures vitales, ainsi que le fonctionnement des \u00e9tablissements de sant\u00e9 et d\u2019enseignement, pourraient se faire par la coop\u00e9ration des entreprises locales et europ\u00e9ennes. Ce qui importe, c\u2019est que d\u00e8s que la fin d\u2019un conflit se profile, les gens peuvent retourner plus rapidement dans leur pays d\u2019origine.<\/p>\n<\/div><\/section><\/div><div class=\"flex_column av_one_fourth  no_margin av-break-at-tablet flex_column_table_cell av-equal-height-column av-align-top   avia-builder-el-14  el_after_av_one_fourth  avia-builder-el-last  \" style='background: #ffffff; padding:30px; background-color:#ffffff; border-radius:0px; '><section class=\"av_textblock_section \"  itemscope=\"itemscope\" itemtype=\"https:\/\/schema.org\/CreativeWork\" ><div class='avia_textblock  av_inherit_color '  style='color:#4f4f4f; '  itemprop=\"text\" ><p>Contrairement aux camps de r\u00e9fugi\u00e9s qui existent d\u00e9j\u00e0 aujourd\u2019hui et qui ne sont oubli\u00e9s nulle part, les parrainages europ\u00e9ens cr\u00e9eraient des perspectives de croissance \u00e9conomique. En particulier, les r\u00e9fugi\u00e9s, principaux concern\u00e9s, auraient ainsi une v\u00e9ritable alternative \u00e0 une fuite en danger.<\/p>\n<\/div><\/section><\/div><\/div><!--close column table wrapper. Autoclose: 1 --><\/div><\/div><\/div><!-- close content main div --><\/div><\/div><div id='after_section_1'  class='main_color av_default_container_wrap container_wrap sidebar_right' style=' '  ><div class='container' ><div class='template-page content  av-content-small alpha units'><div class='post-entry post-entry-type-page post-entry-4319'><div class='entry-content-wrapper clearfix'><div   class='hr hr-default   avia-builder-el-16  el_after_av_section  el_before_av_three_fifth  avia-builder-el-first '><span class='hr-inner ' ><span class='hr-inner-style'><\/span><\/span><\/div><\/p>\n<div class=\"flex_column av_three_fifth  flex_column_div av-zero-column-padding first  avia-builder-el-17  el_after_av_hr  el_before_av_section  avia-builder-el-last  \" style='border-radius:0px; '><div  style='padding-bottom:10px; font-size:34px;' class='av-special-heading av-special-heading-h2  blockquote modern-quote  avia-builder-el-18  avia-builder-el-no-sibling  av-inherit-size '><h2 class='av-special-heading-tag '  itemprop=\"headline\"  >La mise en \u0153uvre<\/h2><div class ='av-subheading av-subheading_below  ' style='font-size:15px;'><p>Pour ce faire, il faudrait choisir une zone s\u00fbre, dot\u00e9e d\u2019une infrastructure de base et de possibilit\u00e9s de d\u00e9veloppement suffisantes. Il est tout \u00e0 fait clair qu\u2019un tel grand projet comporte des perspectives temporelles diff\u00e9rentes: de l\u2019aide d\u2019urgence urgente sur le terrain \u00e0 l\u2019extension.<\/p>\n<p>Au cours de leur s\u00e9jour, il est important que les personnes, en fonction de leurs capacit\u00e9s, soient activement impliqu\u00e9es d\u00e8s le premier jour dans la construction d\u2019une telle communaut\u00e9 de r\u00e9fugi\u00e9s. La formation \u00e0 des artisans ou \u00e0 d\u2019autres professions n\u00e9cessaires cr\u00e9e une perspective pleine de sens. L\u2019objectif \u00e0 long terme doit \u00eatre que les communaut\u00e9s puissent s\u2019approvisionner de mani\u00e8re de plus en plus autosuffisante.<\/p>\n<\/div><div class='special-heading-border'><div class='special-heading-inner-border' ><\/div><\/div><\/div><\/div><\/div><\/div><\/div><!-- close content main div --><\/div><\/div><div id='av_section_2'  class='avia-section main_color avia-section-default avia-no-border-styling  avia-bg-style-scroll  avia-builder-el-19  el_after_av_three_fifth  el_before_av_section   container_wrap sidebar_right' style='background-color: #f1f6fc;  '  ><div class='container' ><div class='template-page content  av-content-small alpha units'><div class='post-entry post-entry-type-page post-entry-4319'><div class='entry-content-wrapper clearfix'>\n<div class='flex_column_table av-equal-height-column-flextable av-break-at-tablet-flextable' style='margin-top:5px; margin-bottom:5px; '><div class=\"flex_column av_one_fourth  no_margin av-break-at-tablet flex_column_table_cell av-equal-height-column av-align-top first  avia-builder-el-20  el_before_av_one_fourth  avia-builder-el-first  \" style='padding:20px; border-radius:0px; '><div  style='padding-bottom:20px; color:#4f4f4f;' class='av-special-heading av-special-heading-h3 custom-color-heading blockquote modern-quote  avia-builder-el-21  avia-builder-el-no-sibling  '><h3 class='av-special-heading-tag '  itemprop=\"headline\"  >En outre,  <\/h3><div class='special-heading-border'><div class='special-heading-inner-border' style='border-color:#4f4f4f'><\/div><\/div><\/div><\/div><div class=\"flex_column av_one_fourth  no_margin av-break-at-tablet flex_column_table_cell av-equal-height-column av-align-top   avia-builder-el-22  el_after_av_one_fourth  el_before_av_one_fourth  \" style='background: #ffffff; padding:30px; background-color:#ffffff; border-radius:0px; '><section class=\"av_textblock_section \"  itemscope=\"itemscope\" itemtype=\"https:\/\/schema.org\/CreativeWork\" ><div class='avia_textblock  av_inherit_color '  style='color:#4f4f4f; '  itemprop=\"text\" ><p>les \u00c9tats europ\u00e9ens pourraient, par exemple, cibler les individus pour \u00eatre utilis\u00e9s comme coop\u00e9rants. Cela offrirait une opportunit\u00e9 professionnelle suppl\u00e9mentaire, dont il est toujours n\u00e9cessaire et parfois difficile de trouver du personnel sp\u00e9cialis\u00e9. Les personnes ayant une formation linguistique en tant qu\u2019ouvriers qualifi\u00e9s peuvent \u00e9galement introduire une demande de carte bleue pour l\u2019UE. Pour ce faire, les entreprises certifi\u00e9es parrainent avec toutes les obligations n\u00e9cessaires \u00e0 cet effet, ce qui facilitera l\u2019int\u00e9gration. Les personnes qui choisissent d\u2019entrer dans l\u2019UE devraient b\u00e9n\u00e9ficier d\u2019un visa privil\u00e9gi\u00e9 par rapport \u00e0 celles qui souhaitent se r\u00e9fugier ill\u00e9galement dans l\u2019UE par l\u2019interm\u00e9diaire de passeurs. Le mod\u00e8le \u00e9conomique des passeurs perdrait \u00e9galement de son importance.<\/p>\n<\/div><\/section><\/div><div class=\"flex_column av_one_fourth  no_margin av-break-at-tablet flex_column_table_cell av-equal-height-column av-align-top   avia-builder-el-24  el_after_av_one_fourth  el_before_av_one_fourth  \" style='background: #f9f9f9; padding:30px; background-color:#f9f9f9; border-radius:0px; '><section class=\"av_textblock_section \"  itemscope=\"itemscope\" itemtype=\"https:\/\/schema.org\/CreativeWork\" ><div class='avia_textblock  av_inherit_color '  style='color:#4f4f4f; '  itemprop=\"text\" ><p>Toutes ces mesures doivent \u00eatre mises en \u0153uvre de mani\u00e8re \u00e0 ce que les r\u00e9fugi\u00e9s aient une vie digne et qu\u2019ils puissent participer \u00e0 des d\u00e9cisions individuelles en mati\u00e8re de politique locale. L\u2019ONU peut assurer la protection n\u00e9cessaire et recruter de plus en plus de personnel de s\u00e9curit\u00e9 parmi les r\u00e9fugi\u00e9s; Mais elle devrait toujours le faire sur un pied d\u2019\u00e9galit\u00e9 avec les r\u00e9fugi\u00e9s. Tout cela est la meilleure condition pour promouvoir l\u2019initiative personnelle des citoyens.<\/p>\n<\/div><\/section><\/div><div class=\"flex_column av_one_fourth  no_margin av-break-at-tablet flex_column_table_cell av-equal-height-column av-align-top   avia-builder-el-26  el_after_av_one_fourth  avia-builder-el-last  \" style='background: #ffffff; padding:30px; background-color:#ffffff; border-radius:0px; '><section class=\"av_textblock_section \"  itemscope=\"itemscope\" itemtype=\"https:\/\/schema.org\/CreativeWork\" ><div class='avia_textblock  av_inherit_color '  style='color:#4f4f4f; '  itemprop=\"text\" ><p>Si la prise de parrainage devait faire ses preuves, d\u2019autres \u00c9tats pourraient bient\u00f4t s\u2019engager sur le terrain. Une telle concurrence de soutien peut cr\u00e9er de nouveaux d\u00e9fis; Il est cependant plus facile \u00e0 g\u00e9rer par rapport \u00e0 la situation actuelle des r\u00e9fugi\u00e9s.<\/p>\n<\/div><\/section><\/div><\/div><!--close column table wrapper. Autoclose: 1 -->\n<\/p>\n<\/div><\/div><\/div><!-- close content main div --><\/div><\/div><div id='av_section_3'  class='avia-section main_color avia-section-default avia-no-border-styling  avia-bg-style-scroll  avia-builder-el-28  el_after_av_section  avia-builder-el-last   container_wrap sidebar_right' style='background-color: #0e5aa7;  '  ><div class='container' ><div class='template-page content  av-content-small alpha units'><div class='post-entry post-entry-type-page post-entry-4319'><div class='entry-content-wrapper clearfix'>\n<div class='flex_column_table av-equal-height-column-flextable -flextable' ><div class=\"flex_column av_one_half  no_margin flex_column_table_cell av-equal-height-column av-align-top first  avia-builder-el-29  el_before_av_one_half  avia-builder-el-first  \" style='padding:40px; border-radius:0px; '><section class=\"av_textblock_section \"  itemscope=\"itemscope\" itemtype=\"https:\/\/schema.org\/CreativeWork\" ><div class='avia_textblock  av_inherit_color '  style='color:#ffffff; '  itemprop=\"text\" ><span class=\"av_dropcap1 \" >F<\/span>\n<p>L\u2019\u00e9laboration d\u2019une zone s\u00fbre dans les zones de crise et d\u2019une solution tandem avec les camps de r\u00e9fugi\u00e9s europ\u00e9ens est une s\u00e9rie d\u2019autres id\u00e9es conceptuelles, mais dont l\u2019ampleur d\u00e9passerait le cadre.<\/p>\n<\/div><\/section><\/div><div class=\"flex_column av_one_half  no_margin flex_column_table_cell av-equal-height-column av-align-top   avia-builder-el-31  el_after_av_one_half  avia-builder-el-last  \" style='padding:30px; border-radius:0px; '><section class=\"av_textblock_section \"  itemscope=\"itemscope\" itemtype=\"https:\/\/schema.org\/CreativeWork\" ><div class='avia_textblock  av_inherit_color '  style='color:#ffffff; '  itemprop=\"text\" ><p>Ceux-ci sont expliqu\u00e9s en cas d\u2019int\u00e9r\u00eat lors d\u2019un entretien personnel. Ils permettent d\u2019aider de mani\u00e8re cibl\u00e9e les r\u00e9fugi\u00e9s et de lutter contre les ann\u00e9es d\u2019absence de perspectives.<\/p>\n<\/div><\/section><\/div><\/div><!--close column table wrapper. Autoclose: 1 -->\n<\/div><\/div><\/div><!-- close content main div --><\/div><\/div><div id='after_section_3'  class='main_color av_default_container_wrap container_wrap sidebar_right' style=' '  ><div class='container' ><div class='template-page content  av-content-small alpha units'><div class='post-entry post-entry-type-page post-entry-4319'><div class='entry-content-wrapper clearfix'>\n","protected":false},"excerpt":{"rendered":"","protected":false},"author":1,"featured_media":0,"parent":0,"menu_order":0,"comment_status":"closed","ping_status":"closed","template":"","meta":[],"yoast_head":"<!-- This site is optimized with the Yoast SEO plugin v15.2.1 - https:\/\/yoast.com\/wordpress\/plugins\/seo\/ -->\n<title>Crise des r\u00e9fugi\u00e9s - Futura Fabrica<\/title>\n<meta name=\"description\" content=\"- Crise des r\u00e9fugi\u00e9s - Comment l\u2019Europe peut-elle concevoir une politique plus humaine en mati\u00e8re de r\u00e9fugi\u00e9s et offrir aux personnes concern\u00e9es des perspectives d\u2019avenir?\" \/>\n<meta name=\"robots\" content=\"index, follow, max-snippet:-1, max-image-preview:large, max-video-preview:-1\" \/>\n<link rel=\"canonical\" href=\"https:\/\/futurafabrica.eu\/fr\/crise-des-refugies\/\" \/>\n<meta property=\"og:locale\" content=\"fr_FR\" \/>\n<meta property=\"og:type\" content=\"article\" \/>\n<meta property=\"og:title\" content=\"Crise des r\u00e9fugi\u00e9s - Futura Fabrica\" \/>\n<meta property=\"og:description\" content=\"- Crise des r\u00e9fugi\u00e9s - Comment l\u2019Europe peut-elle concevoir une politique plus humaine en mati\u00e8re de r\u00e9fugi\u00e9s et offrir aux personnes concern\u00e9es des perspectives d\u2019avenir?\" \/>\n<meta property=\"og:url\" content=\"https:\/\/futurafabrica.eu\/fr\/crise-des-refugies\/\" \/>\n<meta property=\"og:site_name\" content=\"Futura Fabrica\" \/>\n<meta property=\"article:modified_time\" content=\"2020-11-09T13:26:10+00:00\" \/>\n<meta name=\"twitter:card\" content=\"summary_large_image\" \/>\n<script type=\"application\/ld+json\" class=\"yoast-schema-graph\">{\"@context\":\"https:\/\/schema.org\",\"@graph\":[{\"@type\":\"WebSite\",\"@id\":\"https:\/\/futurafabrica.eu\/#website\",\"url\":\"https:\/\/futurafabrica.eu\/\",\"name\":\"Futura Fabrica\",\"description\":\"Wir bringen Probleml\\u00f6ser und Entscheider zusammen\",\"potentialAction\":[{\"@type\":\"SearchAction\",\"target\":\"https:\/\/futurafabrica.eu\/?s={search_term_string}\",\"query-input\":\"required name=search_term_string\"}],\"inLanguage\":\"fr-FR\"},{\"@type\":\"WebPage\",\"@id\":\"https:\/\/futurafabrica.eu\/fr\/crise-des-refugies\/#webpage\",\"url\":\"https:\/\/futurafabrica.eu\/fr\/crise-des-refugies\/\",\"name\":\"Crise des r\\u00e9fugi\\u00e9s - Futura Fabrica\",\"isPartOf\":{\"@id\":\"https:\/\/futurafabrica.eu\/#website\"},\"datePublished\":\"2020-10-23T17:11:01+00:00\",\"dateModified\":\"2020-11-09T13:26:10+00:00\",\"description\":\"- Crise des r\\u00e9fugi\\u00e9s - Comment l\\u2019Europe peut-elle concevoir une politique plus humaine en mati\\u00e8re de r\\u00e9fugi\\u00e9s et offrir aux personnes concern\\u00e9es des perspectives d\\u2019avenir?\",\"inLanguage\":\"fr-FR\",\"potentialAction\":[{\"@type\":\"ReadAction\",\"target\":[\"https:\/\/futurafabrica.eu\/fr\/crise-des-refugies\/\"]}]}]}<\/script>\n<!-- \/ Yoast SEO plugin. -->","_links":{"self":[{"href":"https:\/\/futurafabrica.eu\/fr\/wp-json\/wp\/v2\/pages\/4319\/"}],"collection":[{"href":"https:\/\/futurafabrica.eu\/fr\/wp-json\/wp\/v2\/pages\/"}],"about":[{"href":"https:\/\/futurafabrica.eu\/fr\/wp-json\/wp\/v2\/types\/page\/"}],"author":[{"embeddable":true,"href":"https:\/\/futurafabrica.eu\/fr\/wp-json\/wp\/v2\/users\/1\/"}],"replies":[{"embeddable":true,"href":"https:\/\/futurafabrica.eu\/fr\/wp-json\/wp\/v2\/comments\/?post=4319"}],"version-history":[{"count":12,"href":"https:\/\/futurafabrica.eu\/fr\/wp-json\/wp\/v2\/pages\/4319\/revisions\/"}],"predecessor-version":[{"id":5231,"href":"https:\/\/futurafabrica.eu\/fr\/wp-json\/wp\/v2\/pages\/4319\/revisions\/5231\/"}],"wp:attachment":[{"href":"https:\/\/futurafabrica.eu\/fr\/wp-json\/wp\/v2\/media\/?parent=4319"}],"curies":[{"name":"wp","href":"https:\/\/api.w.org\/{rel}","templated":true}]}}