{"id":4330,"date":"2020-10-25T11:56:31","date_gmt":"2020-10-25T10:56:31","guid":{"rendered":"https:\/\/futurafabrica.eu\/futurafabrica\/numerisation\/"},"modified":"2020-11-09T14:04:27","modified_gmt":"2020-11-09T13:04:27","slug":"numerisation","status":"publish","type":"page","link":"https:\/\/futurafabrica.eu\/fr\/numerisation\/","title":{"rendered":"Num\u00e9risation"},"content":{"rendered":"<div id='layer_slider_1'  class='avia-layerslider main_color avia-shadow  avia-builder-el-0  el_before_av_three_fifth  avia-builder-el-first  container_wrap sidebar_right' style='  height: 501px;' ><\/div><div id='after_layer_slider_1'  class='main_color av_default_container_wrap container_wrap sidebar_right' style=' '  ><div class='container' ><div class='template-page content  av-content-small alpha units'><div class='post-entry post-entry-type-page post-entry-4330'><div class='entry-content-wrapper clearfix'>\n<div class=\"flex_column av_three_fifth  flex_column_div av-zero-column-padding first  avia-builder-el-1  el_after_av_layerslider  el_before_av_one_half  avia-builder-el-first  \" style='border-radius:0px; '><div  style='padding-bottom:10px; font-size:34px;' class='av-special-heading av-special-heading-h2  blockquote modern-quote  avia-builder-el-2  avia-builder-el-no-sibling  av-inherit-size '><h2 class='av-special-heading-tag '  itemprop=\"headline\"  >Le probl\u00e8me<\/h2><div class ='av-subheading av-subheading_below  ' style='font-size:15px;'><p>Pendant le Lockdowns Corona, les solutions num\u00e9riques ont fait leurs preuves en tant qu\u2019ancres de sauvetage. Gr\u00e2ce \u00e0 la vid\u00e9oconf\u00e9rence, le flux de communication s\u2019est poursuivi; Les voyages d\u2019affaires qui nuisent au climat ont \u00e9t\u00e9 \u00e9vit\u00e9s. Les d\u00e9taillants, qui pouvaient \u00e9galement proposer leur offre sur Internet, ont \u00e9vit\u00e9 une perte totale. La force de la transformation num\u00e9rique \u00e9branle en m\u00eame temps les mod\u00e8les \u00e9conomiques bien \u00e9tablis.<\/p>\n<\/div><div class='special-heading-border'><div class='special-heading-inner-border' ><\/div><\/div><\/div><\/div>\n<div class='flex_column_table av-equal-height-column-flextable -flextable' ><div class=\"flex_column av_one_half  no_margin flex_column_table_cell av-equal-height-column av-align-top first  avia-builder-el-3  el_after_av_three_fifth  el_before_av_one_half  \" style='background: #f1f6fc; padding:40px; background-color:#f1f6fc; border-radius:0px; '><section class=\"av_textblock_section \"  itemscope=\"itemscope\" itemtype=\"https:\/\/schema.org\/CreativeWork\" ><div class='avia_textblock  '   itemprop=\"text\" ><span class=\"av_dropcap1 \" >T<\/span>\n<p>peur de la technologie \u00e0 elle seule ne peut cependant pas \u00eatre la seule explication du fait que l\u2019avenir num\u00e9rique est domin\u00e9 par des groupes non europ\u00e9ens. Il convient de mentionner quatre lacunes \u00e9videntes, m\u00eame si celles-ci peuvent varier d\u2019un \u00c9tat membre \u00e0 l\u2019autre:<\/p>\n<ul>\n<li>En Europe, les pionniers des TIC recherchent souvent en vain un financement en phase de d\u00e9marrage.<\/li>\n<li>Les investissements publics dans l\u2019infrastructure des TIC ont \u00e9t\u00e9 n\u00e9glig\u00e9s pendant des ann\u00e9es, ce qui retarde le progr\u00e8s technique.<\/li>\n<li>La programmation ne fait toujours pas partie des techniques culturelles telles que la lecture et l\u2019\u00e9criture, m\u00eame parmi les jeunes g\u00e9n\u00e9rations. Dans une soci\u00e9t\u00e9 vieillissante, de nombreuses personnes risquent d\u2019\u00eatre exclues des emplois num\u00e9riques..<\/li>\n<li>Pour faire face \u00e0 la concurrence internationale, les groupes num\u00e9riques europ\u00e9ens, qui disposent d\u2019une masse critique d\u2019influence pour \u00e9tablir de nouvelles normes, font d\u00e9faut.<\/li>\n<\/ul>\n<\/div><\/section><\/div><div class=\"flex_column av_one_half  no_margin flex_column_table_cell av-equal-height-column av-align-top   avia-builder-el-5  el_after_av_one_half  el_before_av_section  avia-builder-el-last  \" style='background: #f1f6fc; padding:40px; background-color:#f1f6fc; border-radius:0px; '><section class=\"av_textblock_section \"  itemscope=\"itemscope\" itemtype=\"https:\/\/schema.org\/CreativeWork\" ><div class='avia_textblock  '   itemprop=\"text\" ><p>Le r\u00e8glement de base sur la protection des donn\u00e9es est certainement l\u2019une des r\u00e9alisations d\u2019une strat\u00e9gie num\u00e9rique europ\u00e9enne. Pour lutter efficacement contre les messages haineux, les fausses nouvelles et la cybercriminalit\u00e9, il est n\u00e9cessaire de disposer d\u2019une l\u00e9gislation europ\u00e9enne comparable. En outre, on peut s\u2019attendre \u00e0 ce qu\u2019\u00e0 l\u2019avenir, les pays non europ\u00e9ens interviennent davantage dans la libert\u00e9 de l\u2019internet. Pour pouvoir r\u00e9agir de mani\u00e8re appropri\u00e9e \u00e0 un tel protectionnisme num\u00e9rique, il est n\u00e9cessaire de disposer d\u2019une panoplie d\u2019instruments holistiques, dont l\u2019application doit \u00eatre soutenue par tous les \u00c9tats membres.<\/p>\n<\/div><\/section><\/div><\/div><!--close column table wrapper. Autoclose: 1 --><\/p>\n<\/div><\/div><\/div><!-- close content main div --><\/div><\/div><div id='av_section_1'  class='avia-section main_color avia-section-default avia-no-border-styling  avia-bg-style-scroll  avia-builder-el-7  el_after_av_one_half  el_before_av_hr   container_wrap sidebar_right' style='background-color: #0e5aa7;  '  ><div class='container' ><div class='template-page content  av-content-small alpha units'><div class='post-entry post-entry-type-page post-entry-4330'><div class='entry-content-wrapper clearfix'>\n<div class='flex_column_table av-equal-height-column-flextable av-break-at-tablet-flextable' style='margin-top:5px; margin-bottom:5px; '><div class=\"flex_column av_one_fifth  no_margin av-break-at-tablet flex_column_table_cell av-equal-height-column av-align-top first  avia-builder-el-8  el_before_av_one_fifth  avia-builder-el-first  \" style='padding:20px; border-radius:0px; '><div  style='padding-bottom:20px; color:#ffffff;font-size:34px;' class='av-special-heading av-special-heading-h2 custom-color-heading blockquote modern-quote  avia-builder-el-9  avia-builder-el-no-sibling  av-inherit-size '><h2 class='av-special-heading-tag '  itemprop=\"headline\"  >La vision<\/h2><div class ='av-subheading av-subheading_below av_custom_color ' style='font-size:15px;'><p>En compl\u00e9ment de la strat\u00e9gie num\u00e9rique pour l\u2019Europe, l\u2019UE devrait promouvoir des projets d\u2019avenir ambitieux afin de devenir le leader mondial de la transition num\u00e9rique et de cr\u00e9er une force de frappe suffisante contre les concurrents internationaux:<\/p>\n<\/div><div class='special-heading-border'><div class='special-heading-inner-border' style='border-color:#ffffff'><\/div><\/div><\/div><\/div><div class=\"flex_column av_one_fifth  no_margin av-break-at-tablet flex_column_table_cell av-equal-height-column av-align-top   avia-builder-el-10  el_after_av_one_fifth  el_before_av_one_fifth  \" style='background: #ffffff; padding:30px; background-color:#ffffff; border-radius:0px; '><section class=\"av_textblock_section \"  itemscope=\"itemscope\" itemtype=\"https:\/\/schema.org\/CreativeWork\" ><div class='avia_textblock  av_inherit_color '  style='color:#4f4f4f; '  itemprop=\"text\" ><p>L\u2019UE devrait soutenir la cr\u00e9ation de start-ups de TIC \u00e0 partir d\u2019organismes de recherche europ\u00e9ens avec un capital d\u2019amor\u00e7age financ\u00e9 jusqu\u2019\u00e0 90%, \u00e0 condition qu\u2019au moins deux entreprises de diff\u00e9rents \u00c9tats membres de l\u2019UE soient en mesure de prouver qu\u2019elles sont partenaires \u00e9conomiques.<\/p>\n<\/div><\/section><\/div><div class=\"flex_column av_one_fifth  no_margin av-break-at-tablet flex_column_table_cell av-equal-height-column av-align-top   avia-builder-el-12  el_after_av_one_fifth  el_before_av_one_fifth  \" style='background: #f1f6fc; padding:30px; background-color:#f1f6fc; border-radius:0px; '><section class=\"av_textblock_section \"  itemscope=\"itemscope\" itemtype=\"https:\/\/schema.org\/CreativeWork\" ><div class='avia_textblock  av_inherit_color '  style='color:#4f4f4f; '  itemprop=\"text\" ><p>L\u2019UE devrait encourager le d\u00e9veloppement d\u2019une machine europ\u00e9enne de recherche et de recherche innovante et performante comme v\u00e9ritable alternative au quasi-monopole Google. Il en va de m\u00eame pour un r\u00e9seau social. Tous deux pourraient \u00e9tablir une nouvelle norme dans le monde entier en se r\u00e9f\u00e9rant aux politiques europ\u00e9ennes de protection des donn\u00e9es et \u00e0 l\u2019utilisation d\u2019outils intelligents pour identifier et supprimer les fausses nouvelles, ainsi que des messages haineux, y compris l\u2019introduction simplifi\u00e9e de sanctions \u00e0 l\u2019encontre des trolls.<\/p>\n<\/div><\/section><\/div><div class=\"flex_column av_one_fifth  no_margin av-break-at-tablet flex_column_table_cell av-equal-height-column av-align-top   avia-builder-el-14  el_after_av_one_fifth  el_before_av_one_fifth  \" style='background: #ffffff; padding:30px; background-color:#ffffff; border-radius:0px; '><section class=\"av_textblock_section \"  itemscope=\"itemscope\" itemtype=\"https:\/\/schema.org\/CreativeWork\" ><div class='avia_textblock  av_inherit_color '  style='color:#4f4f4f; '  itemprop=\"text\" ><p>La plupart des fournisseurs non europ\u00e9ens de technologie sont sortis vainqueurs de la lutte pour la norme 5G. Toutefois, l\u2019Europe a encore la possibilit\u00e9 de devenir \u00e0 l\u2019avant-garde du futur r\u00e9seau. Ainsi, quelques scientifiques europ\u00e9ens recherchent une norme 6G 1000 fois plus rapide que la 5G. Celui-ci ne devrait toutefois pas \u00eatre disponible avant 2037 au plus t\u00f4t. Que se passerait-il si les \u00c9tats europ\u00e9ens mettent en commun leurs comp\u00e9tences en mati\u00e8re de R&amp;D pour pouvoir proposer une solution d\u2019ici la fin de la d\u00e9cennie? Des initiatives turbo similaires pourraient se produire dans la promotion de l\u2019IA et de la robotique si les experts europ\u00e9ens \u00e9vitent les doubles emplois, mettent en commun leurs comp\u00e9tences dans des coentreprises cibl\u00e9es et ne perdent pas de temps pour trouver des investisseurs.<\/p>\n<\/div><\/section><\/div><div class=\"flex_column av_one_fifth  no_margin av-break-at-tablet flex_column_table_cell av-equal-height-column av-align-top   avia-builder-el-16  el_after_av_one_fifth  avia-builder-el-last  \" style='background: #f1f6fc; padding:30px; background-color:#f1f6fc; border-radius:0px; '><section class=\"av_textblock_section \"  itemscope=\"itemscope\" itemtype=\"https:\/\/schema.org\/CreativeWork\" ><div class='avia_textblock  av_inherit_color '  style='color:#4f4f4f; '  itemprop=\"text\" ><p>Afin de promouvoir les comp\u00e9tences num\u00e9riques et la cr\u00e9ation de nouveaux emplois, l\u2019UE pourrait soutenir le d\u00e9veloppement d\u2019ordinateurs modulaires pour la construction d\u2019ordinateurs en tant qu\u2019alternative aux fournisseurs de mat\u00e9riel \u00e9trangers.<\/p>\n<\/div><\/section><\/div><\/div><!--close column table wrapper. Autoclose: 1 --><\/div><\/div><\/div><!-- close content main div --><\/div><\/div><div id='after_section_1'  class='main_color av_default_container_wrap container_wrap sidebar_right' style=' '  ><div class='container' ><div class='template-page content  av-content-small alpha units'><div class='post-entry post-entry-type-page post-entry-4330'><div class='entry-content-wrapper clearfix'><div   class='hr hr-default   avia-builder-el-18  el_after_av_section  el_before_av_three_fifth  avia-builder-el-first '><span class='hr-inner ' ><span class='hr-inner-style'><\/span><\/span><\/div><\/p>\n<div class=\"flex_column av_three_fifth  flex_column_div av-zero-column-padding first  avia-builder-el-19  el_after_av_hr  el_before_av_section  avia-builder-el-last  \" style='border-radius:0px; '><div  style='padding-bottom:10px; ' class='av-special-heading av-special-heading-h3  blockquote modern-quote  avia-builder-el-20  avia-builder-el-no-sibling  '><h3 class='av-special-heading-tag '  itemprop=\"headline\"  >Ce qui compte, c\u2019est<\/h3><div class ='av-subheading av-subheading_below  ' style='font-size:15px;'><p>que l\u2019Europe, avec des visions audacieuses, se positionne comme un centre de transfert de technologie, offrant ainsi une nouvelle patrie aux cerveaux du monde entier. Il n\u2019est pas n\u00e9cessaire d\u2019aller sur la Lune, il y a suffisamment de d\u00e9fis sur Terre.<\/p>\n<\/div><div class='special-heading-border'><div class='special-heading-inner-border' ><\/div><\/div><\/div><\/div>\n<\/div><\/div><\/div><!-- close content main div --><\/div><\/div><div id='av_section_2'  class='avia-section main_color avia-section-default avia-no-border-styling  avia-bg-style-scroll  avia-builder-el-21  el_after_av_three_fifth  avia-builder-el-last   container_wrap sidebar_right' style='background-color: #f1f6fc;  '  ><div class='container' ><div class='template-page content  av-content-small alpha units'><div class='post-entry post-entry-type-page post-entry-4330'><div class='entry-content-wrapper clearfix'>\n<div class='flex_column_table av-equal-height-column-flextable av-break-at-tablet-flextable' style='margin-top:5px; margin-bottom:5px; '><div class=\"flex_column av_one_fourth  no_margin av-break-at-tablet flex_column_table_cell av-equal-height-column av-align-top first  avia-builder-el-22  el_before_av_one_fourth  avia-builder-el-first  \" style='padding:20px; border-radius:0px; '><div  style='padding-bottom:20px; color:#4f4f4f;font-size:34px;' class='av-special-heading av-special-heading-h2 custom-color-heading blockquote modern-quote  avia-builder-el-23  avia-builder-el-no-sibling  av-inherit-size '><h2 class='av-special-heading-tag '  itemprop=\"headline\"  >La mise en \u0153uvre<\/h2><div class='special-heading-border'><div class='special-heading-inner-border' style='border-color:#4f4f4f'><\/div><\/div><\/div><\/div><div class=\"flex_column av_one_fourth  no_margin av-break-at-tablet flex_column_table_cell av-equal-height-column av-align-top   avia-builder-el-24  el_after_av_one_fourth  el_before_av_one_fourth  \" style='background: #ffffff; padding:30px; background-color:#ffffff; border-radius:0px; '><section class=\"av_textblock_section \"  itemscope=\"itemscope\" itemtype=\"https:\/\/schema.org\/CreativeWork\" ><div class='avia_textblock  av_inherit_color '  style='color:#4f4f4f; '  itemprop=\"text\" ><p>Pour r\u00e9duire la crainte du changement num\u00e9rique dans la population europ\u00e9enne, il est n\u00e9cessaire d\u2019offrir suffisamment de possibilit\u00e9s de participation par l\u2019\u00e9ducation et la formation \u00e0 tous les \u00e2ges.<\/p>\n<\/div><\/section><\/div><div class=\"flex_column av_one_fourth  no_margin av-break-at-tablet flex_column_table_cell av-equal-height-column av-align-top   avia-builder-el-26  el_after_av_one_fourth  el_before_av_one_fourth  \" style='background: #f9f9f9; padding:30px; background-color:#f9f9f9; border-radius:0px; '><section class=\"av_textblock_section \"  itemscope=\"itemscope\" itemtype=\"https:\/\/schema.org\/CreativeWork\" ><div class='avia_textblock  av_inherit_color '  style='color:#4f4f4f; '  itemprop=\"text\" ><p>L\u2019UE devrait se pr\u00e9parer \u00e0 ce que ses propres activit\u00e9s entra\u00eenent des contre-r\u00e9actions de concurrents internationaux. De plus, les cybercriminels ont presque toujours une longueur d\u2019avance technique. Ce d\u00e9fi n\u00e9cessite une approche communautaire.<\/p>\n<\/div><\/section><\/div><div class=\"flex_column av_one_fourth  no_margin av-break-at-tablet flex_column_table_cell av-equal-height-column av-align-top   avia-builder-el-28  el_after_av_one_fourth  avia-builder-el-last  \" style='background: #ffffff; padding:30px; background-color:#ffffff; border-radius:0px; '><section class=\"av_textblock_section \"  itemscope=\"itemscope\" itemtype=\"https:\/\/schema.org\/CreativeWork\" ><div class='avia_textblock  av_inherit_color '  style='color:#4f4f4f; '  itemprop=\"text\" ><p>En outre, le risque de pand\u00e9mie virtuelle ne doit pas \u00eatre sous-estim\u00e9. Plus nous devenons d\u00e9pendants des solutions num\u00e9riques, plus le risque de panne est grand. Ce probl\u00e8me concerne tous les \u00c9tats du monde. L\u2019UE pourrait envisager de maintenir des solutions de remplacement analogiques parall\u00e8lement \u00e0 l\u2019innovation num\u00e9rique dans des domaines critiques \u00e0 l\u2019\u00e9gard des r\u00e9sultats.<\/p>\n<\/div><\/section><\/div><\/div><!--close column table wrapper. Autoclose: 1 -->\n<\/div><\/div><\/div><!-- close content main div --><\/div><\/div><div id='after_section_2'  class='main_color av_default_container_wrap container_wrap sidebar_right' style=' '  ><div class='container' ><div class='template-page content  av-content-small alpha units'><div class='post-entry post-entry-type-page post-entry-4330'><div class='entry-content-wrapper clearfix'>\n","protected":false},"excerpt":{"rendered":"","protected":false},"author":1,"featured_media":0,"parent":0,"menu_order":0,"comment_status":"closed","ping_status":"closed","template":"","meta":[],"yoast_head":"<!-- This site is optimized with the Yoast SEO plugin v15.2.1 - https:\/\/yoast.com\/wordpress\/plugins\/seo\/ -->\n<title>Num\u00e9risation - Futura Fabrica - L\u2019Internet du futur<\/title>\n<meta name=\"description\" content=\"Num\u00e9risation - Comment l\u2019Europe peut-elle devenir le pionnier de la concurrence pour l\u2019Internet du futur ?\" \/>\n<meta name=\"robots\" content=\"index, follow, max-snippet:-1, max-image-preview:large, max-video-preview:-1\" \/>\n<link rel=\"canonical\" href=\"https:\/\/futurafabrica.eu\/fr\/numerisation\/\" \/>\n<meta property=\"og:locale\" content=\"fr_FR\" \/>\n<meta property=\"og:type\" content=\"article\" \/>\n<meta property=\"og:title\" content=\"Num\u00e9risation - Futura Fabrica - L\u2019Internet du futur\" \/>\n<meta property=\"og:description\" content=\"Num\u00e9risation - Comment l\u2019Europe peut-elle devenir le pionnier de la concurrence pour l\u2019Internet du futur ?\" \/>\n<meta property=\"og:url\" content=\"https:\/\/futurafabrica.eu\/fr\/numerisation\/\" \/>\n<meta property=\"og:site_name\" content=\"Futura Fabrica\" \/>\n<meta property=\"article:modified_time\" content=\"2020-11-09T13:04:27+00:00\" \/>\n<meta name=\"twitter:card\" content=\"summary_large_image\" \/>\n<script type=\"application\/ld+json\" class=\"yoast-schema-graph\">{\"@context\":\"https:\/\/schema.org\",\"@graph\":[{\"@type\":\"WebSite\",\"@id\":\"https:\/\/futurafabrica.eu\/#website\",\"url\":\"https:\/\/futurafabrica.eu\/\",\"name\":\"Futura Fabrica\",\"description\":\"Wir bringen Probleml\\u00f6ser und Entscheider zusammen\",\"potentialAction\":[{\"@type\":\"SearchAction\",\"target\":\"https:\/\/futurafabrica.eu\/?s={search_term_string}\",\"query-input\":\"required name=search_term_string\"}],\"inLanguage\":\"fr-FR\"},{\"@type\":\"WebPage\",\"@id\":\"https:\/\/futurafabrica.eu\/fr\/numerisation\/#webpage\",\"url\":\"https:\/\/futurafabrica.eu\/fr\/numerisation\/\",\"name\":\"Num\\u00e9risation - Futura Fabrica - L\\u2019Internet du futur\",\"isPartOf\":{\"@id\":\"https:\/\/futurafabrica.eu\/#website\"},\"datePublished\":\"2020-10-25T10:56:31+00:00\",\"dateModified\":\"2020-11-09T13:04:27+00:00\",\"description\":\"Num\\u00e9risation - Comment l\\u2019Europe peut-elle devenir le pionnier de la concurrence pour l\\u2019Internet du futur ?\",\"inLanguage\":\"fr-FR\",\"potentialAction\":[{\"@type\":\"ReadAction\",\"target\":[\"https:\/\/futurafabrica.eu\/fr\/numerisation\/\"]}]}]}<\/script>\n<!-- \/ Yoast SEO plugin. -->","_links":{"self":[{"href":"https:\/\/futurafabrica.eu\/fr\/wp-json\/wp\/v2\/pages\/4330\/"}],"collection":[{"href":"https:\/\/futurafabrica.eu\/fr\/wp-json\/wp\/v2\/pages\/"}],"about":[{"href":"https:\/\/futurafabrica.eu\/fr\/wp-json\/wp\/v2\/types\/page\/"}],"author":[{"embeddable":true,"href":"https:\/\/futurafabrica.eu\/fr\/wp-json\/wp\/v2\/users\/1\/"}],"replies":[{"embeddable":true,"href":"https:\/\/futurafabrica.eu\/fr\/wp-json\/wp\/v2\/comments\/?post=4330"}],"version-history":[{"count":9,"href":"https:\/\/futurafabrica.eu\/fr\/wp-json\/wp\/v2\/pages\/4330\/revisions\/"}],"predecessor-version":[{"id":5197,"href":"https:\/\/futurafabrica.eu\/fr\/wp-json\/wp\/v2\/pages\/4330\/revisions\/5197\/"}],"wp:attachment":[{"href":"https:\/\/futurafabrica.eu\/fr\/wp-json\/wp\/v2\/media\/?parent=4330"}],"curies":[{"name":"wp","href":"https:\/\/api.w.org\/{rel}","templated":true}]}}