{"id":4346,"date":"2020-10-25T12:00:02","date_gmt":"2020-10-25T11:00:02","guid":{"rendered":"https:\/\/futurafabrica.eu\/futurafabrica\/changement-climatique\/"},"modified":"2020-11-09T14:10:30","modified_gmt":"2020-11-09T13:10:30","slug":"changement-climatique","status":"publish","type":"page","link":"https:\/\/futurafabrica.eu\/fr\/changement-climatique\/","title":{"rendered":"Changement climatique"},"content":{"rendered":"<div id='layer_slider_1'  class='avia-layerslider main_color avia-shadow  avia-builder-el-0  el_before_av_three_fifth  avia-builder-el-first  container_wrap sidebar_right' style='  height: 501px;' ><\/div><div id='after_layer_slider_1'  class='main_color av_default_container_wrap container_wrap sidebar_right' style=' '  ><div class='container' ><div class='template-page content  av-content-small alpha units'><div class='post-entry post-entry-type-page post-entry-4346'><div class='entry-content-wrapper clearfix'>\n<div class=\"flex_column av_three_fifth  flex_column_div av-zero-column-padding first  avia-builder-el-1  el_after_av_layerslider  el_before_av_one_half  avia-builder-el-first  \" style='border-radius:0px; '><div  style='padding-bottom:10px; font-size:34px;' class='av-special-heading av-special-heading-h2  blockquote modern-quote  avia-builder-el-2  avia-builder-el-no-sibling  av-inherit-size '><h2 class='av-special-heading-tag '  itemprop=\"headline\"  >Le probl\u00e8me<\/h2><div class ='av-subheading av-subheading_below  ' style='font-size:15px;'><p>Les signes du changement climatique sont \u00e9vidents et n\u2019ont pas besoin d\u2019explications suppl\u00e9mentaires. Les actions nationales isol\u00e9es ne suffiront pas \u00e0 \u00e9viter une catastrophe.<\/p>\n<\/div><div class='special-heading-border'><div class='special-heading-inner-border' ><\/div><\/div><\/div><\/div><div class='flex_column_table av-equal-height-column-flextable -flextable' ><div class=\"flex_column av_one_half  no_margin flex_column_table_cell av-equal-height-column av-align-top first  avia-builder-el-3  el_after_av_three_fifth  el_before_av_one_half  \" style='background: #f1f6fc; padding:40px; background-color:#f1f6fc; border-radius:0px; '><section class=\"av_textblock_section \"  itemscope=\"itemscope\" itemtype=\"https:\/\/schema.org\/CreativeWork\" ><div class='avia_textblock  '   itemprop=\"text\" ><span class=\"av_dropcap1 \" >A<\/span>\n<p>Compte tenu des changements climatiques d\u00e9j\u00e0 visibles, les mesures n\u00e9cessaires ne doivent plus \u00eatre retard\u00e9es. Le climat ne s\u2019arr\u00eate pas aux fronti\u00e8res nationales. Il est d\u2019autant plus important qu\u2019un accord vert, c\u2019est-\u00e0-dire l\u2019int\u00e9gration des facteurs environnementaux et climatiques dans tous les domaines de la vie, afin de r\u00e9duire l\u2019augmentation de la temp\u00e9rature mondiale et de r\u00e9duire au minimum les conditions m\u00e9t\u00e9orologiques extr\u00eames, soit soutenu par le plus grand nombre possible de pays.<\/p>\n<\/div><\/section><\/div><\/p>\n<div class=\"flex_column av_one_half  no_margin flex_column_table_cell av-equal-height-column av-align-top   avia-builder-el-5  el_after_av_one_half  el_before_av_section  avia-builder-el-last  \" style='background: #f1f6fc; padding:40px; background-color:#f1f6fc; border-radius:0px; '><section class=\"av_textblock_section \"  itemscope=\"itemscope\" itemtype=\"https:\/\/schema.org\/CreativeWork\" ><div class='avia_textblock  '   itemprop=\"text\" ><p>\u00c0 l\u2019heure actuelle, cela ne sera gu\u00e8re r\u00e9alisable en raison de l\u2019absence d\u2019unanimit\u00e9 au Sein du Conseil. L\u2019UE a un r\u00f4le d\u2019exemple \u00e0 jouer si l\u2019on vise \u00e0 r\u00e9duire au minimum, voire \u00e0 inverser, les cons\u00e9quences du changement climatique.<\/p>\n<\/div><\/section><\/div><\/div><!--close column table wrapper. Autoclose: 1 -->\n<\/div><\/div><\/div><!-- close content main div --><\/div><\/div><div id='av_section_1'  class='avia-section main_color avia-section-default avia-no-border-styling  avia-bg-style-scroll  avia-builder-el-7  el_after_av_one_half  el_before_av_hr   container_wrap sidebar_right' style='background-color: #0e5aa7;  '  ><div class='container' ><div class='template-page content  av-content-small alpha units'><div class='post-entry post-entry-type-page post-entry-4346'><div class='entry-content-wrapper clearfix'>\n<div class='flex_column_table av-equal-height-column-flextable av-break-at-tablet-flextable' style='margin-top:5px; margin-bottom:5px; '><div class=\"flex_column av_one_fourth  no_margin av-break-at-tablet flex_column_table_cell av-equal-height-column av-align-top first  avia-builder-el-8  el_before_av_one_fourth  avia-builder-el-first  \" style='padding:20px; border-radius:0px; '><div  style='padding-bottom:20px; color:#ffffff;font-size:34px;' class='av-special-heading av-special-heading-h2 custom-color-heading blockquote modern-quote  avia-builder-el-9  avia-builder-el-no-sibling  av-inherit-size '><h2 class='av-special-heading-tag '  itemprop=\"headline\"  >La vision<\/h2><div class='special-heading-border'><div class='special-heading-inner-border' style='border-color:#ffffff'><\/div><\/div><\/div><\/div><div class=\"flex_column av_one_fourth  no_margin av-break-at-tablet flex_column_table_cell av-equal-height-column av-align-top   avia-builder-el-10  el_after_av_one_fourth  el_before_av_one_fourth  \" style='background: #ffffff; padding:30px; background-color:#ffffff; border-radius:0px; '><section class=\"av_textblock_section \"  itemscope=\"itemscope\" itemtype=\"https:\/\/schema.org\/CreativeWork\" ><div class='avia_textblock  av_inherit_color '  style='color:#474747; '  itemprop=\"text\" ><p>Il n\u2019y a pas une seule vision dans la lutte contre le changement climatique. Outre les approches visant \u00e0 r\u00e9duire les \u00e9missions de gaz \u00e0 effet de serre, des mesures de protection telles que la construction de nouvelles digues ou des syst\u00e8mes d\u2019irrigation artificiels seront \u00e9galement n\u00e9cessaires.<\/p>\n<\/div><\/section><\/div><div class=\"flex_column av_one_fourth  no_margin av-break-at-tablet flex_column_table_cell av-equal-height-column av-align-top   avia-builder-el-12  el_after_av_one_fourth  el_before_av_one_fourth  \" style='background: #f1f6fc; padding:30px; background-color:#f1f6fc; border-radius:0px; '><section class=\"av_textblock_section \"  itemscope=\"itemscope\" itemtype=\"https:\/\/schema.org\/CreativeWork\" ><div class='avia_textblock  av_inherit_color '  style='color:#474747; '  itemprop=\"text\" ><p>L\u2019id\u00e9e d\u2019une \u00abtransition \u00e9nerg\u00e9tique europ\u00e9enne\u00bb doit donc \u00eatre cit\u00e9e \u00e0 titre d\u2019exemple, afin de mettre en \u00e9vidence les possibilit\u00e9s offertes par le \u00abmod\u00e8le par \u00e9tapes\u00bb mentionn\u00e9 pr\u00e9c\u00e9demment, dans lequel les \u00e9tats europ\u00e9ens font preuve d\u2019un engagement par pays en fonction de leurs possibilit\u00e9s.<\/p>\n<\/div><\/section><\/div><div class=\"flex_column av_one_fourth  no_margin av-break-at-tablet flex_column_table_cell av-equal-height-column av-align-top   avia-builder-el-14  el_after_av_one_fourth  avia-builder-el-last  \" style='background: #ffffff; padding:30px; background-color:#ffffff; border-radius:0px; '><section class=\"av_textblock_section \"  itemscope=\"itemscope\" itemtype=\"https:\/\/schema.org\/CreativeWork\" ><div class='avia_textblock  av_inherit_color '  style='color:#474747; '  itemprop=\"text\" ><p>Si un seul \u00c9tat membre dispose d\u2019une solution respectueuse du climat ou d\u2019une exp\u00e9rience approfondie dans sa mise en \u0153uvre, il peut \u00e9galement la mettre \u00e0 la disposition d\u2019autres \u00c9tats membres. Des normes uniformes peuvent \u00eatre coordonn\u00e9es de mani\u00e8re \u00e0 lib\u00e9rer des effets d\u2019\u00e9chelle suppl\u00e9mentaires.<\/p>\n<\/div><\/section><\/div><\/div><!--close column table wrapper. Autoclose: 1 --><\/div><\/div><\/div><!-- close content main div --><\/div><\/div><div id='after_section_1'  class='main_color av_default_container_wrap container_wrap sidebar_right' style=' '  ><div class='container' ><div class='template-page content  av-content-small alpha units'><div class='post-entry post-entry-type-page post-entry-4346'><div class='entry-content-wrapper clearfix'><div   class='hr hr-default   avia-builder-el-16  el_after_av_section  el_before_av_three_fifth  avia-builder-el-first '><span class='hr-inner ' ><span class='hr-inner-style'><\/span><\/span><\/div><\/p>\n<div class=\"flex_column av_three_fifth  flex_column_div av-zero-column-padding first  avia-builder-el-17  el_after_av_hr  el_before_av_section  avia-builder-el-last  \" style='border-radius:0px; '><div  style='padding-bottom:10px; font-size:34px;' class='av-special-heading av-special-heading-h2  blockquote modern-quote  avia-builder-el-18  avia-builder-el-no-sibling  av-inherit-size '><h2 class='av-special-heading-tag '  itemprop=\"headline\"  >La mise en \u0153uvre<\/h2><div class ='av-subheading av-subheading_below  ' style='font-size:15px;'><p>Toutes les conditions sont d\u00e9j\u00e0 r\u00e9unies pour la mise en \u0153uvre d\u2019une transition \u00e9nerg\u00e9tique europ\u00e9enne. L\u2019un des obstacles d\u00e9cisifs pourrait r\u00e9sider dans le fait que les politiques en mati\u00e8re d\u2019\u00e9nergie et de climat sont le plus souvent consid\u00e9r\u00e9es d\u2019abord dans des dimensions nationales. La r\u00e9duction des gaz \u00e0 effet de serre est consid\u00e9r\u00e9e et mesur\u00e9e au niveau national. Comme le changement climatique ne peut pas \u00eatre stopp\u00e9 aux fronti\u00e8res nationales, un pays A pourrait \u00e9galement s\u2019engager dans le pays B pour reboiser les for\u00eats ou d\u00e9velopper des sources d\u2019\u00e9nergie alternatives au niveau local, par exemple parce que les conditions climatiques y sont plus favorables que dans leur pays d\u2019origine. L\u2019effet ainsi obtenu pourrait n\u00e9anmoins entrer dans le bilan climatique national.  <\/p>\n<p>Par analogie avec le mod\u00e8le par \u00e9tapes d\u00e9j\u00e0 pr\u00e9sent\u00e9, il y aura \u00e9galement des visionnaires, des partisans de base, des formes gradu\u00e9es d\u2019activit\u00e9s et des successeurs dans les futures mesures de protection du climat et de l\u2019environnement. Il est \u00e0 craindre qu\u2019un changement de mentalit\u00e9 national comme par le pass\u00e9 ne commence malheureusement qu\u2019apr\u00e8s une crise v\u00e9cue par les \u00c9tats membres. Pour faire face au succ\u00e8s d\u2019un pionnier du climat et aux effets d\u2019imitation souhait\u00e9s, de telles actions doivent \u00eatre encourag\u00e9es de mani\u00e8re cibl\u00e9e. Dans le m\u00eame temps, il convient de soutenir un changement de mentalit\u00e9 par des mesures d\u2019att\u00e9nuation de ce changement structurel. C\u2019est pourquoi, en ce qui concerne les conditions l\u00e9gales, l\u2019unanimit\u00e9 doit se substituer \u00e0 une proc\u00e9dure de vote qualifi\u00e9e dans le sens d\u2019une majorit\u00e9. De cette mani\u00e8re, l\u2019Europe pourrait devenir le premier continent neutre du point de vue climatique au monde avant 2050 et donner une impulsion essentielle aux r\u00e9formes environnementales et climatiques dans d\u2019autres pays.<\/p>\n<\/div><div class='special-heading-border'><div class='special-heading-inner-border' ><\/div><\/div><\/div><\/div><\/div><\/div><\/div><!-- close content main div --><\/div><\/div><div id='av_section_2'  class='avia-section main_color avia-section-default avia-no-border-styling  avia-bg-style-scroll  avia-builder-el-19  el_after_av_three_fifth  avia-builder-el-last   container_wrap sidebar_right' style='background-color: #f1f6fc;  '  ><div class='container' ><div class='template-page content  av-content-small alpha units'><div class='post-entry post-entry-type-page post-entry-4346'><div class='entry-content-wrapper clearfix'>\n<div class='flex_column_table av-equal-height-column-flextable av-break-at-tablet-flextable' style='margin-top:5px; margin-bottom:5px; '><div class=\"flex_column av_one_fifth  no_margin av-break-at-tablet flex_column_table_cell av-equal-height-column av-align-top first  avia-builder-el-20  el_before_av_one_fifth  avia-builder-el-first  \" style='padding:20px; border-radius:0px; '><div  style='padding-bottom:20px; color:#474747;' class='av-special-heading av-special-heading-h3 custom-color-heading blockquote modern-quote  avia-builder-el-21  avia-builder-el-no-sibling  '><h3 class='av-special-heading-tag '  itemprop=\"headline\"  >Last but not least doit \u00eatre ici<\/h3><div class ='av-subheading av-subheading_below av_custom_color ' style='font-size:15px;'><p>sans pr\u00e9tention \u00e0 l\u2019exhaustivit\u00e9 &#8211; une s\u00e9rie d\u2019approches en mati\u00e8re de politique climatique sont cit\u00e9es comme une concr\u00e9tisation de l\u2019accord vert de l\u2019UE:<\/p>\n<\/div><div class='special-heading-border'><div class='special-heading-inner-border' style='border-color:#474747'><\/div><\/div><\/div><\/div><div class=\"flex_column av_one_fifth  no_margin av-break-at-tablet flex_column_table_cell av-equal-height-column av-align-top   avia-builder-el-22  el_after_av_one_fifth  el_before_av_one_fifth  \" style='background: #ffffff; padding:30px; background-color:#ffffff; border-radius:0px; '><section class=\"av_textblock_section \"  itemscope=\"itemscope\" itemtype=\"https:\/\/schema.org\/CreativeWork\" ><div class='avia_textblock  av_inherit_color '  style='color:#474747; '  itemprop=\"text\" ><p>Un fonds est cr\u00e9\u00e9 pour financer l\u2019accord vert. Celui-ci offre aux investisseurs priv\u00e9s et institutionnels un taux d\u2019int\u00e9r\u00eat minimal attractif. Cela permettrait \u00e0 de nombreuses personnes de disposer d\u2019un r\u00e9gime de retraite s\u00fbr et, surtout, de garantir qu\u2019il y a suffisamment de fonds disponibles pour financer les mesures de lutte contre le changement climatique.<\/p>\n<\/div><\/section><\/div><div class=\"flex_column av_one_fifth  no_margin av-break-at-tablet flex_column_table_cell av-equal-height-column av-align-top   avia-builder-el-24  el_after_av_one_fifth  el_before_av_one_fifth  \" style='background: #f9f9f9; padding:30px; background-color:#f9f9f9; border-radius:0px; '><section class=\"av_textblock_section \"  itemscope=\"itemscope\" itemtype=\"https:\/\/schema.org\/CreativeWork\" ><div class='avia_textblock  av_inherit_color '  style='color:#474747; '  itemprop=\"text\" ><p>Un prix minimum europ\u00e9en du carbone plus ambitieux dans le cadre du syst\u00e8me europ\u00e9en d\u2019\u00e9change de quotas d\u2019\u00e9mission (SCEQE) et la promotion d\u2019une innovation \u00e9conome en \u00e9nergie jetera les bases d\u2019une politique industrielle verte. Les fournisseurs non europ\u00e9ens qui sont en dessous des normes environnementales et climatiques doivent payer une compensation pour l\u2019environnement et le climat.<\/p>\n<\/div><\/section><\/div><div class=\"flex_column av_one_fifth  no_margin av-break-at-tablet flex_column_table_cell av-equal-height-column av-align-top   avia-builder-el-26  el_after_av_one_fifth  el_before_av_one_fifth  \" style='background: #ffffff; padding:30px; background-color:#ffffff; border-radius:0px; '><section class=\"av_textblock_section \"  itemscope=\"itemscope\" itemtype=\"https:\/\/schema.org\/CreativeWork\" ><div class='avia_textblock  av_inherit_color '  style='color:#474747; '  itemprop=\"text\" ><p>Les fonds de transition pour les r\u00e9gions charbonni\u00e8res, les mesures de d\u00e9mant\u00e8lement et de reboisement, ainsi que d\u2019autres aides aux changements structurels dans le sens d\u2019une strat\u00e9gie de migration ou d\u2019une technologie de pont, permettent des initiatives locales en faveur du climat et de l\u2019environnement.<\/p>\n<\/div><\/section><\/div><div class=\"flex_column av_one_fifth  no_margin av-break-at-tablet flex_column_table_cell av-equal-height-column av-align-top   avia-builder-el-28  el_after_av_one_fifth  el_before_av_one_fifth  \" style='background: #f9f9f9; padding:30px; background-color:#f9f9f9; border-radius:0px; '><section class=\"av_textblock_section \"  itemscope=\"itemscope\" itemtype=\"https:\/\/schema.org\/CreativeWork\" ><div class='avia_textblock  av_inherit_color '  style='color:#474747; '  itemprop=\"text\" ><p>Si un \u00c9tat membre n\u2019atteint pas les r\u00e9ductions d\u2019\u00e9missions de CO2 malgr\u00e9 les possibilit\u00e9s d\u2019aide offertes, cela aura des cons\u00e9quences pour les futurs droits de vote sur le climat et l\u2019environnement au Sein du Conseil et du Parlement. Concr\u00e8tement, ces droits des pays concern\u00e9s seraient r\u00e9duits au niveau de l\u2019objectif 1: 1 non mis en \u0153uvre. Cela garantira un int\u00e9r\u00eat national \u00e9lev\u00e9 pour la mise en \u0153uvre de l\u2019accord vert par l\u2019ensemble de la population. S\u2019il devait en r\u00e9sulter une concurrence entre les \u00c9tats-nations pour la voie climatique et environnementale la plus efficace et la plus efficace, c\u2019est ce que nous voulons.<\/p>\n<\/div><\/section><\/div><\/div><!--close column table wrapper. Autoclose: 1 --><div class='flex_column_table av-equal-height-column-flextable av-break-at-tablet-flextable' ><div class=\"flex_column av_one_fifth  no_margin av-break-at-tablet flex_column_table_cell av-equal-height-column av-align-top first  avia-builder-el-30  el_after_av_one_fifth  el_before_av_one_fifth  column-top-margin\" style='padding:30px; border-radius:0px; '><\/div><div class=\"flex_column av_one_fifth  no_margin av-break-at-tablet flex_column_table_cell av-equal-height-column av-align-top   avia-builder-el-31  el_after_av_one_fifth  el_before_av_one_fifth  column-top-margin\" style='background: #ffffff; padding:30px; background-color:#ffffff; border-radius:0px; '><section class=\"av_textblock_section \"  itemscope=\"itemscope\" itemtype=\"https:\/\/schema.org\/CreativeWork\" ><div class='avia_textblock  av_inherit_color '  style='color:#474747; '  itemprop=\"text\" ><p>Selon une feuille de route \u00e0 d\u00e9finir, les normes europ\u00e9ennes en mati\u00e8re de climat et d\u2019environnement doivent \u00e9galement devenir contraignantes pour les fournisseurs de pays tiers. Outre le soutien aux projets internationaux, les op\u00e9rateurs qui ne respectent pas ces exigences seront exclus du march\u00e9 int\u00e9rieur de l\u2019UE dans un d\u00e9lai \u00e0 d\u00e9finir.<\/p>\n<\/div><\/section><\/div><div class=\"flex_column av_one_fifth  no_margin av-break-at-tablet flex_column_table_cell av-equal-height-column av-align-top   avia-builder-el-33  el_after_av_one_fifth  el_before_av_one_fifth  column-top-margin\" style='background: #f9f9f9; padding:30px; background-color:#f9f9f9; border-radius:0px; '><section class=\"av_textblock_section \"  itemscope=\"itemscope\" itemtype=\"https:\/\/schema.org\/CreativeWork\" ><div class='avia_textblock  av_inherit_color '  style='color:#474747; '  itemprop=\"text\" ><p>Promouvoir l\u2019approche \u00abCradle to Cradle\u00bb en mati\u00e8re de d\u00e9veloppement \u00e9cologique des produits et les possibilit\u00e9s de concurrence et de diff\u00e9renciation qui en d\u00e9coulent avec les fournisseurs \u00e0 bas prix de pays tiers, en imposant une obligation d\u2019\u00e9tiquetage et en r\u00e9duisant la TVA.<\/p>\n<\/div><\/section><\/div><div class=\"flex_column av_one_fifth  no_margin av-break-at-tablet flex_column_table_cell av-equal-height-column av-align-top   avia-builder-el-35  el_after_av_one_fifth  el_before_av_one_fifth  column-top-margin\" style='background: #ffffff; padding:30px; background-color:#ffffff; border-radius:0px; '><section class=\"av_textblock_section \"  itemscope=\"itemscope\" itemtype=\"https:\/\/schema.org\/CreativeWork\" ><div class='avia_textblock  av_inherit_color '  style='color:#474747; '  itemprop=\"text\" ><p>Promotion de la mise en place syst\u00e9matique d\u2019installations de dessalement de l\u2019eau de mer utilisant l\u2019\u00e9nergie des plaies afin de se pr\u00e9parer aux s\u00e9cheresses futures.<\/p>\n<\/div><\/section><\/div><div class=\"flex_column av_one_fifth  no_margin av-break-at-tablet flex_column_table_cell av-equal-height-column av-align-top   avia-builder-el-37  el_after_av_one_fifth  avia-builder-el-last  column-top-margin\" style='padding:30px; border-radius:0px; '><\/div><\/div><!--close column table wrapper. Autoclose: 1 -->\n<\/div><\/div><\/div><!-- close content main div --><\/div><\/div><div id='after_section_2'  class='main_color av_default_container_wrap container_wrap sidebar_right' style=' '  ><div class='container' ><div class='template-page content  av-content-small alpha units'><div class='post-entry post-entry-type-page post-entry-4346'><div class='entry-content-wrapper clearfix'><\/p>\n","protected":false},"excerpt":{"rendered":"","protected":false},"author":1,"featured_media":0,"parent":0,"menu_order":0,"comment_status":"closed","ping_status":"closed","template":"","meta":[],"yoast_head":"<!-- This site is optimized with the Yoast SEO plugin v15.2.1 - https:\/\/yoast.com\/wordpress\/plugins\/seo\/ -->\n<title>Changement climatique - Futura Fabrica - Vision dans la lutte contre le changement climatique<\/title>\n<meta name=\"description\" content=\"Futura Fabrica Changement climatique - Comment l\u2019Europe peut-elle devenir plus rapidement neutre sur le plan climatique et donner une impulsion aux objectifs climatiques des autres \u00e9tats ?\" \/>\n<meta name=\"robots\" content=\"index, follow, max-snippet:-1, max-image-preview:large, max-video-preview:-1\" \/>\n<link rel=\"canonical\" href=\"https:\/\/futurafabrica.eu\/fr\/changement-climatique\/\" \/>\n<meta property=\"og:locale\" content=\"fr_FR\" \/>\n<meta property=\"og:type\" content=\"article\" \/>\n<meta property=\"og:title\" content=\"Changement climatique - Futura Fabrica - Vision dans la lutte contre le changement climatique\" \/>\n<meta property=\"og:description\" content=\"Futura Fabrica Changement climatique - Comment l\u2019Europe peut-elle devenir plus rapidement neutre sur le plan climatique et donner une impulsion aux objectifs climatiques des autres \u00e9tats ?\" \/>\n<meta property=\"og:url\" content=\"https:\/\/futurafabrica.eu\/fr\/changement-climatique\/\" \/>\n<meta property=\"og:site_name\" content=\"Futura Fabrica\" \/>\n<meta property=\"article:modified_time\" content=\"2020-11-09T13:10:30+00:00\" \/>\n<meta name=\"twitter:card\" content=\"summary_large_image\" \/>\n<script type=\"application\/ld+json\" class=\"yoast-schema-graph\">{\"@context\":\"https:\/\/schema.org\",\"@graph\":[{\"@type\":\"WebSite\",\"@id\":\"https:\/\/futurafabrica.eu\/#website\",\"url\":\"https:\/\/futurafabrica.eu\/\",\"name\":\"Futura Fabrica\",\"description\":\"Wir bringen Probleml\\u00f6ser und Entscheider zusammen\",\"potentialAction\":[{\"@type\":\"SearchAction\",\"target\":\"https:\/\/futurafabrica.eu\/?s={search_term_string}\",\"query-input\":\"required name=search_term_string\"}],\"inLanguage\":\"fr-FR\"},{\"@type\":\"WebPage\",\"@id\":\"https:\/\/futurafabrica.eu\/fr\/changement-climatique\/#webpage\",\"url\":\"https:\/\/futurafabrica.eu\/fr\/changement-climatique\/\",\"name\":\"Changement climatique - Futura Fabrica - Vision dans la lutte contre le changement climatique\",\"isPartOf\":{\"@id\":\"https:\/\/futurafabrica.eu\/#website\"},\"datePublished\":\"2020-10-25T11:00:02+00:00\",\"dateModified\":\"2020-11-09T13:10:30+00:00\",\"description\":\"Futura Fabrica Changement climatique - Comment l\\u2019Europe peut-elle devenir plus rapidement neutre sur le plan climatique et donner une impulsion aux objectifs climatiques des autres \\u00e9tats ?\",\"inLanguage\":\"fr-FR\",\"potentialAction\":[{\"@type\":\"ReadAction\",\"target\":[\"https:\/\/futurafabrica.eu\/fr\/changement-climatique\/\"]}]}]}<\/script>\n<!-- \/ Yoast SEO plugin. -->","_links":{"self":[{"href":"https:\/\/futurafabrica.eu\/fr\/wp-json\/wp\/v2\/pages\/4346\/"}],"collection":[{"href":"https:\/\/futurafabrica.eu\/fr\/wp-json\/wp\/v2\/pages\/"}],"about":[{"href":"https:\/\/futurafabrica.eu\/fr\/wp-json\/wp\/v2\/types\/page\/"}],"author":[{"embeddable":true,"href":"https:\/\/futurafabrica.eu\/fr\/wp-json\/wp\/v2\/users\/1\/"}],"replies":[{"embeddable":true,"href":"https:\/\/futurafabrica.eu\/fr\/wp-json\/wp\/v2\/comments\/?post=4346"}],"version-history":[{"count":14,"href":"https:\/\/futurafabrica.eu\/fr\/wp-json\/wp\/v2\/pages\/4346\/revisions\/"}],"predecessor-version":[{"id":5210,"href":"https:\/\/futurafabrica.eu\/fr\/wp-json\/wp\/v2\/pages\/4346\/revisions\/5210\/"}],"wp:attachment":[{"href":"https:\/\/futurafabrica.eu\/fr\/wp-json\/wp\/v2\/media\/?parent=4346"}],"curies":[{"name":"wp","href":"https:\/\/api.w.org\/{rel}","templated":true}]}}