{"id":4355,"date":"2020-10-25T12:01:52","date_gmt":"2020-10-25T11:01:52","guid":{"rendered":"https:\/\/futurafabrica.eu\/futurafabrica\/brexit-2\/"},"modified":"2021-04-30T18:45:31","modified_gmt":"2021-04-30T16:45:31","slug":"brexit-2","status":"publish","type":"page","link":"https:\/\/futurafabrica.eu\/fr\/brexit-2\/","title":{"rendered":"Brexit"},"content":{"rendered":"<div id='layer_slider_1'  class='avia-layerslider main_color avia-shadow  avia-builder-el-0  el_before_av_three_fifth  avia-builder-el-first  container_wrap sidebar_right' style='  height: 501px;' ><\/div><div id='after_layer_slider_1'  class='main_color av_default_container_wrap container_wrap sidebar_right' style=' '  ><div class='container' ><div class='template-page content  av-content-small alpha units'><div class='post-entry post-entry-type-page post-entry-4355'><div class='entry-content-wrapper clearfix'>\n<div class=\"flex_column av_three_fifth  flex_column_div av-zero-column-padding first  avia-builder-el-1  el_after_av_layerslider  el_before_av_one_half  avia-builder-el-first  \" style='border-radius:0px; '><div  style='padding-bottom:10px; font-size:34px;' class='av-special-heading av-special-heading-h2  blockquote modern-quote  avia-builder-el-2  avia-builder-el-no-sibling  av-inherit-size '><h2 class='av-special-heading-tag '  itemprop=\"headline\"  >Le probl\u00e8me<\/h2><div class ='av-subheading av-subheading_below  ' style='font-size:15px;'><p>Les probl\u00e8mes li\u00e9s \u00e0 l\u2019accord de retrait entre le Royaume-Uni et l\u2019UE sont loin d\u2019\u00eatre termin\u00e9s avec l\u2019adoption du pacte commercial par le Parlement europ\u00e9en. Des n\u00e9gociations ult\u00e9rieures peuvent \u00e9galement s\u2019av\u00e9rer n\u00e9cessaires \u00e0 l\u2019avenir. Ind\u00e9pendamment de cela, le Brexit montre \u00e0 titre d\u2019exemple l\u2019urgence de r\u00e9formes structurelles au sein de l\u2019UE afin d\u2019\u00e9viter de futures sorties. Pour renforcer la capacit\u00e9 d\u2019action \u00e0 Bruxelles, il faut mieux concilier les int\u00e9r\u00eats nationaux et europ\u00e9ens.<\/p>\n<\/div><div class='special-heading-border'><div class='special-heading-inner-border' ><\/div><\/div><\/div><\/div><div class='flex_column_table av-equal-height-column-flextable -flextable' ><div class=\"flex_column av_one_half  no_margin flex_column_table_cell av-equal-height-column av-align-top first  avia-builder-el-3  el_after_av_three_fifth  el_before_av_one_half  \" style='background: #f1f6fc; padding:40px; background-color:#f1f6fc; border-radius:0px; '><section class=\"av_textblock_section \"  itemscope=\"itemscope\" itemtype=\"https:\/\/schema.org\/CreativeWork\" ><div class='avia_textblock  '   itemprop=\"text\" ><span class=\"av_dropcap1 \" >L<\/span>\n<p>e conflit d\u2019objectifs entre Bruxelles et Londres est apparu au moment o\u00f9 l\u2019un des partenaires ne voulait pas renoncer unilat\u00e9ralement \u00e0 ses droits et avantages ancestraux du march\u00e9 unique, tout en continuant \u00e0 assumer les obligations habituelles des autres \u00c9tats membres de l\u2019UE. Dans le cas contraire, la cr\u00e9ation d\u2019une union douani\u00e8re et l\u2019acc\u00e8s au march\u00e9 int\u00e9rieur de l\u2019UE, tout en maintenant la libre circulation de l\u2019UE, auraient certainement \u00e9t\u00e9 plus faciles \u00e0 mettre en \u0153uvre. Il fallait \u00e0 pr\u00e9sent des r\u00e8gles complexes pour les futurs contr\u00f4les aux fronti\u00e8res entre l\u2019Irlande, l\u2019Irlande du Nord et la Grande-Bretagne. Dans la pratique, la faisabilit\u00e9 d\u2019une telle construction est plus que discutable. Les contr\u00f4les aux fronti\u00e8res, qui co\u00fbtent du temps et des co\u00fbts, font d\u00e9sormais partie de la vie quotidienne des livraisons entre la Grande-Bretagne et l\u2019Europe. Le conflit en Irlande du Nord a \u00e9galement repris. Il est tr\u00e8s probable que les cons\u00e9quences n\u00e9gatives du Brexit ne seront visibles qu\u2019apr\u00e8s la fin de la crise de la Corona.<\/p>\n<p>Quelles sont les le\u00e7ons \u00e0 tirer au cas o\u00f9 d\u2019autres \u00c9tats membres devraient \u00e9galement s\u2019efforcer d\u2019adopter une action nationale isol\u00e9e? Et quelles alternatives y aurait-il si le Brexit devait \u00eatre ren\u00e9goci\u00e9 \u00e0 l\u2019avenir ?<\/p>\n<\/div><\/section><\/div><div class=\"flex_column av_one_half  no_margin flex_column_table_cell av-equal-height-column av-align-top   avia-builder-el-5  el_after_av_one_half  el_before_av_section  avia-builder-el-last  \" style='background: #f1f6fc; padding:40px; background-color:#f1f6fc; border-radius:0px; '><section class=\"av_textblock_section \"  itemscope=\"itemscope\" itemtype=\"https:\/\/schema.org\/CreativeWork\" ><div class='avia_textblock  '   itemprop=\"text\" ><p>Au lieu de parler d\u2019une nouvelle complaisance de l\u2019UE ou de nous diriger vers un Brexit dur, nous devrions parler de la possibilit\u00e9 alternative de laisser le Royaume-Uni faire partie de l\u2019UE. Pour ce faire, au lieu de n\u00e9gocier des aspects juridiques, il faudrait mettre l\u2019accent sur la question des int\u00e9r\u00eats communs et sur ce que chaque partie serait pr\u00eate \u00e0 introduire ou \u00e0 accepter dans un futur \u00abpartenariat\u00bb.<\/p>\n<\/div><\/section><\/div><\/div><!--close column table wrapper. Autoclose: 1 --><\/p>\n<\/div><\/div><\/div><!-- close content main div --><\/div><\/div><div id='av_section_1'  class='avia-section main_color avia-section-default avia-no-border-styling  avia-bg-style-scroll  avia-builder-el-7  el_after_av_one_half  el_before_av_one_half   container_wrap sidebar_right' style='background-color: #0e5aa7;  '  ><div class='container' ><div class='template-page content  av-content-small alpha units'><div class='post-entry post-entry-type-page post-entry-4355'><div class='entry-content-wrapper clearfix'>\n<div class='flex_column_table av-equal-height-column-flextable av-break-at-tablet-flextable' style='margin-top:5px; margin-bottom:5px; '><div class=\"flex_column av_one_fifth  no_margin av-break-at-tablet flex_column_table_cell av-equal-height-column av-align-top first  avia-builder-el-8  el_before_av_one_fifth  avia-builder-el-first  \" style='padding:20px; border-radius:0px; '><div  style='padding-bottom:20px; color:#ffffff;font-size:34px;' class='av-special-heading av-special-heading-h2 custom-color-heading blockquote modern-quote  avia-builder-el-9  avia-builder-el-no-sibling  av-inherit-size '><h2 class='av-special-heading-tag '  itemprop=\"headline\"  >La vision<\/h2><div class ='av-subheading av-subheading_below av_custom_color ' style='font-size:15px;'><p>Pour ce faire, Futura Fabrica a d\u00e9velopp\u00e9 un mod\u00e8le en quatre \u00e9tapes dans lequel chaque \u00c9tat peut choisir de mani\u00e8re flexible, en fonction de ses propres possibilit\u00e9s, la volont\u00e9 de renoncer aux int\u00e9r\u00eats nationaux en faveur de l\u2019int\u00e9gration europ\u00e9enne. Concr\u00e8tement, un \u00c9tat membre peut jouer les r\u00f4les suivants, qui, de mani\u00e8re abr\u00e9g\u00e9e, donnent lieu \u00e0 des droits et obligations diff\u00e9rents :<\/p>\n<\/div><div class='special-heading-border'><div class='special-heading-inner-border' style='border-color:#ffffff'><\/div><\/div><\/div><\/div><div class=\"flex_column av_one_fifth  no_margin av-break-at-tablet flex_column_table_cell av-equal-height-column av-align-top   avia-builder-el-10  el_after_av_one_fifth  el_before_av_one_fifth  \" style='background: #ffffff; padding:30px; background-color:#ffffff; border-radius:0px; '><p><div  style='padding-bottom:10px; ' class='av-special-heading av-special-heading-h3  blockquote modern-quote  avia-builder-el-11  el_before_av_textblock  avia-builder-el-first  '><h3 class='av-special-heading-tag '  itemprop=\"headline\"  >1.<\/h3><div class='special-heading-border'><div class='special-heading-inner-border' ><\/div><\/div><\/div><br \/>\n<section class=\"av_textblock_section \"  itemscope=\"itemscope\" itemtype=\"https:\/\/schema.org\/CreativeWork\" ><div class='avia_textblock  av_inherit_color '  style='color:#4f4f4f; '  itemprop=\"text\" ><p>Les visionnaires prennent des initiatives pour le bien de la Communaut\u00e9 et sont soutenus par l\u2019UE.<\/p>\n<\/div><\/section><\/p><\/div><div class=\"flex_column av_one_fifth  no_margin av-break-at-tablet flex_column_table_cell av-equal-height-column av-align-top   avia-builder-el-13  el_after_av_one_fifth  el_before_av_one_fifth  \" style='background: #f1f6fc; padding:30px; background-color:#f1f6fc; border-radius:0px; '><p><div  style='padding-bottom:10px; ' class='av-special-heading av-special-heading-h3  blockquote modern-quote  avia-builder-el-14  el_before_av_textblock  avia-builder-el-first  '><h3 class='av-special-heading-tag '  itemprop=\"headline\"  >2.<\/h3><div class='special-heading-border'><div class='special-heading-inner-border' ><\/div><\/div><\/div><br \/>\n<section class=\"av_textblock_section \"  itemscope=\"itemscope\" itemtype=\"https:\/\/schema.org\/CreativeWork\" ><div class='avia_textblock  av_inherit_color '  style='color:#4f4f4f; '  itemprop=\"text\" ><p>Les membres centraux se limitent au statu quo avec les droits et obligations connus.<\/p>\n<\/div><\/section><\/p><\/div><div class=\"flex_column av_one_fifth  no_margin av-break-at-tablet flex_column_table_cell av-equal-height-column av-align-top   avia-builder-el-16  el_after_av_one_fifth  el_before_av_one_fifth  \" style='background: #ffffff; padding:30px; background-color:#ffffff; border-radius:0px; '><p><div  style='padding-bottom:10px; ' class='av-special-heading av-special-heading-h3  blockquote modern-quote  avia-builder-el-17  el_before_av_textblock  avia-builder-el-first  '><h3 class='av-special-heading-tag '  itemprop=\"headline\"  >3.<\/h3><div class='special-heading-border'><div class='special-heading-inner-border' ><\/div><\/div><\/div><br \/>\n<section class=\"av_textblock_section \"  itemscope=\"itemscope\" itemtype=\"https:\/\/schema.org\/CreativeWork\" ><div class='avia_textblock  av_inherit_color '  style='color:#4f4f4f; '  itemprop=\"text\" ><p>En cas d\u2019adh\u00e9sion progressive, un pays renonce \u00e0 ses possibilit\u00e9s de participation, mais respecte les normes juridiques fondamentales de la Communaut\u00e9. Les contributions \u00e0 l\u2019UE ne sont pas vers\u00e9es. Pour ce faire, l\u2019UE s\u2019engage dans des projets d\u2019infrastructures ou de phares visant \u00e0 promouvoir des objectifs politiques communs.<\/p>\n<\/div><\/section><\/p><\/div><div class=\"flex_column av_one_fifth  no_margin av-break-at-tablet flex_column_table_cell av-equal-height-column av-align-top   avia-builder-el-19  el_after_av_one_fifth  avia-builder-el-last  \" style='background: #f1f6fc; padding:30px; background-color:#f1f6fc; border-radius:0px; '><p><div  style='padding-bottom:10px; ' class='av-special-heading av-special-heading-h3  blockquote modern-quote  avia-builder-el-20  el_before_av_textblock  avia-builder-el-first  '><h3 class='av-special-heading-tag '  itemprop=\"headline\"  >4.<\/h3><div class='special-heading-border'><div class='special-heading-inner-border' ><\/div><\/div><\/div><br \/>\n<section class=\"av_textblock_section \"  itemscope=\"itemscope\" itemtype=\"https:\/\/schema.org\/CreativeWork\" ><div class='avia_textblock  av_inherit_color '  style='color:#4f4f4f; '  itemprop=\"text\" ><p>Les \u00c9tats membres qui sont entr\u00e9s dans une crise nationale sont exempt\u00e9s des obligations choisies en tant que cas particulier, mais peuvent compter sur le soutien de la Communaut\u00e9. C\u2019est \u00e9galement \u00e0 ce niveau que se trouvent les candidats qui ont l\u2019adh\u00e9sion \u00e0 l\u2019UE \u00e0 l\u2019\u00e9preuve. Dans les deux cas, les possibilit\u00e9s de participation sont limit\u00e9es ou temporaires.<\/p>\n<\/div><\/section><\/p><\/div><\/div><!--close column table wrapper. Autoclose: 1 --><\/div><\/div><\/div><!-- close content main div --><\/div><\/div><div id='after_section_1'  class='main_color av_default_container_wrap container_wrap sidebar_right' style=' '  ><div class='container' ><div class='template-page content  av-content-small alpha units'><div class='post-entry post-entry-type-page post-entry-4355'><div class='entry-content-wrapper clearfix'><div class=\"flex_column av_one_half  no_margin flex_column_div first  avia-builder-el-22  el_after_av_section  el_before_av_one_half  avia-builder-el-first  \" style='background: #f1f6fc; padding:40px; background-color:#f1f6fc; border-radius:0px; '><section class=\"av_textblock_section \"  itemscope=\"itemscope\" itemtype=\"https:\/\/schema.org\/CreativeWork\" ><div class='avia_textblock  av_inherit_color '   itemprop=\"text\" ><span class=\"av_dropcap1 \" >B<\/span>\n<p>En ce qui concerne le Royaume-Uni, une participation progressive au march\u00e9 int\u00e9rieur de l\u2019UE pourrait \u00eatre envisag\u00e9e. Londres a convenu d\u2019une union douani\u00e8re avec Bruxelles et a acc\u00e8s au march\u00e9 int\u00e9rieur de l\u2019UE, comme c\u2019est le cas actuellement.<\/p>\n<\/div><\/section><\/div><div class=\"flex_column av_one_half  no_margin flex_column_div   avia-builder-el-24  el_after_av_one_half  el_before_av_hr  \" style='background: #f1f6fc; padding:40px; background-color:#f1f6fc; border-radius:0px; '><section class=\"av_textblock_section \"  itemscope=\"itemscope\" itemtype=\"https:\/\/schema.org\/CreativeWork\" ><div class='avia_textblock  av_inherit_color '   itemprop=\"text\" ><p>Pour cela, le Royaume-Uni respecte les r\u00e8gles europ\u00e9ennes de libre circulation. La Grande-Bretagne n\u2019a pas \u00e0 payer d\u2019autres contributions \u00e0 l\u2019UE, mais elle perd tout droit de regard.<\/p>\n<\/div><\/section><\/div><div   class='hr hr-default   avia-builder-el-26  el_after_av_one_half  el_before_av_three_fifth '><span class='hr-inner ' ><span class='hr-inner-style'><\/span><\/span><\/div><\/p>\n<div class=\"flex_column av_three_fifth  flex_column_div av-zero-column-padding first  avia-builder-el-27  el_after_av_hr  el_before_av_section  avia-builder-el-last  \" style='border-radius:0px; '><div  style='padding-bottom:10px; font-size:34px;' class='av-special-heading av-special-heading-h2  blockquote modern-quote  avia-builder-el-28  avia-builder-el-no-sibling  av-inherit-size '><h2 class='av-special-heading-tag '  itemprop=\"headline\"  >La mise en \u0153uvre<\/h2><div class ='av-subheading av-subheading_below  ' style='font-size:15px;'><p>Cela impliquerait l\u2019engagement de projets communs en mati\u00e8re d\u2019infrastructures et de lutte contre le changement climatique. Tout cela serait plus qu\u2019un simple partenariat associ\u00e9, car la valeur ajout\u00e9e et le sens plus profond d\u2019une telle adh\u00e9sion progressive seraient \u00e9galement directement ressenties par les sceptiques de l\u2019UE.<\/p>\n<\/div><div class='special-heading-border'><div class='special-heading-inner-border' ><\/div><\/div><\/div><\/div><\/div><\/div><\/div><!-- close content main div --><\/div><\/div><div id='av_section_2'  class='avia-section main_color avia-section-default avia-no-border-styling  avia-bg-style-scroll  avia-builder-el-29  el_after_av_three_fifth  el_before_av_one_half   container_wrap sidebar_right' style='background-color: #f1f6fc;  '  ><div class='container' ><div class='template-page content  av-content-small alpha units'><div class='post-entry post-entry-type-page post-entry-4355'><div class='entry-content-wrapper clearfix'>\n<div class='flex_column_table av-equal-height-column-flextable av-break-at-tablet-flextable' style='margin-top:5px; margin-bottom:5px; '><div class=\"flex_column av_one_fifth  no_margin av-break-at-tablet flex_column_table_cell av-equal-height-column av-align-top first  avia-builder-el-30  el_before_av_one_fifth  avia-builder-el-first  \" style='padding:20px; border-radius:0px; '><div  style='padding-bottom:20px; color:#4f4f4f;' class='av-special-heading av-special-heading-h3 custom-color-heading blockquote modern-quote  avia-builder-el-31  avia-builder-el-no-sibling  '><h3 class='av-special-heading-tag '  itemprop=\"headline\"  >En m\u00eame temps<\/h3><div class ='av-subheading av-subheading_below av_custom_color ' style='font-size:15px;'><p>Le membre gradu\u00e9, le Royaume-Uni, pourrait \u00e9galement s\u2019impliquer dans le nouveau partenariat par le biais d\u2019autres possibilit\u00e9s de compensation, au lieu des contributions de l\u2019UE pr\u00e9c\u00e9dentes. On pourrait par exemple:<\/p>\n<\/div><div class='special-heading-border'><div class='special-heading-inner-border' style='border-color:#4f4f4f'><\/div><\/div><\/div><\/div><div class=\"flex_column av_one_fifth  no_margin av-break-at-tablet flex_column_table_cell av-equal-height-column av-align-top   avia-builder-el-32  el_after_av_one_fifth  el_before_av_one_fifth  \" style='background: #ffffff; padding:30px; background-color:#ffffff; border-radius:0px; '><section class=\"av_textblock_section \"  itemscope=\"itemscope\" itemtype=\"https:\/\/schema.org\/CreativeWork\" ><div class='avia_textblock  av_inherit_color '  style='color:#4f4f4f; '  itemprop=\"text\" ><p>Action commune en faveur du climat<\/p>\n<\/div><\/section><\/div><div class=\"flex_column av_one_fifth  no_margin av-break-at-tablet flex_column_table_cell av-equal-height-column av-align-top   avia-builder-el-34  el_after_av_one_fifth  el_before_av_one_fifth  \" style='background: #f9f9f9; padding:30px; background-color:#f9f9f9; border-radius:0px; '><section class=\"av_textblock_section \"  itemscope=\"itemscope\" itemtype=\"https:\/\/schema.org\/CreativeWork\" ><div class='avia_textblock  av_inherit_color '  style='color:#4f4f4f; '  itemprop=\"text\" ><p>Le Royaume-Uni apporte son savoir-faire financier aux futurs projets phares afin de contrebalancer les acteurs d\u2019investissement non europ\u00e9ens. Pour cela, Londres renonce \u00e0 devenir un paradis fiscal.<\/p>\n<\/div><\/section><\/div><div class=\"flex_column av_one_fifth  no_margin av-break-at-tablet flex_column_table_cell av-equal-height-column av-align-top   avia-builder-el-36  el_after_av_one_fifth  el_before_av_one_fifth  \" style='background: #ffffff; padding:30px; background-color:#ffffff; border-radius:0px; '><section class=\"av_textblock_section \"  itemscope=\"itemscope\" itemtype=\"https:\/\/schema.org\/CreativeWork\" ><div class='avia_textblock  av_inherit_color '  style='color:#4f4f4f; '  itemprop=\"text\" ><p>Utilisation de soldats britanniques dans le cadre d\u2019une arm\u00e9e europ\u00e9enne.<\/p>\n<\/div><\/section><\/div><div class=\"flex_column av_one_fifth  no_margin av-break-at-tablet flex_column_table_cell av-equal-height-column av-align-top   avia-builder-el-38  el_after_av_one_fifth  avia-builder-el-last  \" style='background: #f9f9f9; padding:30px; background-color:#f9f9f9; border-radius:0px; '><section class=\"av_textblock_section \"  itemscope=\"itemscope\" itemtype=\"https:\/\/schema.org\/CreativeWork\" ><div class='avia_textblock  av_inherit_color '  style='color:#4f4f4f; '  itemprop=\"text\" ><p>Action internationale pour la protection des r\u00e9fugi\u00e9s<\/p>\n<\/div><\/section><\/div><\/div><!--close column table wrapper. Autoclose: 1 --><\/div><\/div><\/div><!-- close content main div --><\/div><\/div><div id='after_section_2'  class='main_color av_default_container_wrap container_wrap sidebar_right' style=' '  ><div class='container' ><div class='template-page content  av-content-small alpha units'><div class='post-entry post-entry-type-page post-entry-4355'><div class='entry-content-wrapper clearfix'><div class='flex_column_table av-equal-height-column-flextable -flextable' ><div class=\"flex_column av_one_half  no_margin flex_column_table_cell av-equal-height-column av-align-top first  avia-builder-el-40  el_after_av_section  el_before_av_one_half  avia-builder-el-first  \" style='background: #f9f9f9; padding:40px; background-color:#f9f9f9; border-radius:0px; '><section class=\"av_textblock_section \"  itemscope=\"itemscope\" itemtype=\"https:\/\/schema.org\/CreativeWork\" ><div class='avia_textblock  av_inherit_color '  style='color:#4f4f4f; '  itemprop=\"text\" ><span class=\"av_dropcap1 \" >A<\/span>\n<p>Il ne s\u2019agit l\u00e0 que d\u2019exemples de compensations qui ne sont pas li\u00e9es \u00e0 des transferts directs. L\u2019octroi d\u2019un acc\u00e8s au march\u00e9 unique europ\u00e9en \u00e0 un pays tiers devrait \u00eatre soigneusement pes\u00e9. Si la suppression des obstacles au commerce entre l\u2019UE et un candidat d\u2019un \u00c9tat membre par \u00e9tapes est possible, la priorit\u00e9 devrait \u00eatre donn\u00e9e \u00e0 une relation normale avec les pays tiers.<\/p>\n<\/div><\/section><\/div><div class=\"flex_column av_one_half  no_margin flex_column_table_cell av-equal-height-column av-align-top   avia-builder-el-42  el_after_av_one_half  avia-builder-el-last  \" style='background: #f9f9f9; padding:30px; background-color:#f9f9f9; border-radius:0px; '><section class=\"av_textblock_section \"  itemscope=\"itemscope\" itemtype=\"https:\/\/schema.org\/CreativeWork\" ><div class='avia_textblock  av_inherit_color '  style='color:#4f4f4f; '  itemprop=\"text\" ><p>Il est d\u2019autant plus important de donner une perspective d\u2019avenir raisonnable \u00e0 un partenariat entre Londres et Bruxelles que de simples consid\u00e9rations \u00e9conomiques. Si une telle vision est trouv\u00e9e, il y a aussi un moyen de cr\u00e9er du temps pour de nouvelles n\u00e9gociations.<\/p>\n<\/div><\/section><\/div><\/div><!--close column table wrapper. Autoclose: 1 --><\/p>\n","protected":false},"excerpt":{"rendered":"","protected":false},"author":1,"featured_media":0,"parent":0,"menu_order":0,"comment_status":"closed","ping_status":"closed","template":"","meta":[],"yoast_head":"<!-- This site is optimized with the Yoast SEO plugin v15.2.1 - https:\/\/yoast.com\/wordpress\/plugins\/seo\/ -->\n<title>Brexit - Futura Fabrica<\/title>\n<meta name=\"description\" content=\"Futura Fabrica Brexit - Comment les r\u00e9formes peuvent-elles emp\u00eacher certains membres d\u2019entraver le progr\u00e8s, voire de se retirer ?\" \/>\n<meta name=\"robots\" content=\"index, follow, max-snippet:-1, max-image-preview:large, max-video-preview:-1\" \/>\n<link rel=\"canonical\" href=\"https:\/\/futurafabrica.eu\/fr\/brexit-2\/\" \/>\n<meta property=\"og:locale\" content=\"fr_FR\" \/>\n<meta property=\"og:type\" content=\"article\" \/>\n<meta property=\"og:title\" content=\"Brexit - Futura Fabrica\" \/>\n<meta property=\"og:description\" content=\"Futura Fabrica Brexit - Comment les r\u00e9formes peuvent-elles emp\u00eacher certains membres d\u2019entraver le progr\u00e8s, voire de se retirer ?\" \/>\n<meta property=\"og:url\" content=\"https:\/\/futurafabrica.eu\/fr\/brexit-2\/\" \/>\n<meta property=\"og:site_name\" content=\"Futura Fabrica\" \/>\n<meta property=\"article:modified_time\" content=\"2021-04-30T16:45:31+00:00\" \/>\n<meta name=\"twitter:card\" content=\"summary_large_image\" \/>\n<script type=\"application\/ld+json\" class=\"yoast-schema-graph\">{\"@context\":\"https:\/\/schema.org\",\"@graph\":[{\"@type\":\"WebSite\",\"@id\":\"https:\/\/futurafabrica.eu\/#website\",\"url\":\"https:\/\/futurafabrica.eu\/\",\"name\":\"Futura Fabrica\",\"description\":\"Wir bringen Probleml\\u00f6ser und Entscheider zusammen\",\"potentialAction\":[{\"@type\":\"SearchAction\",\"target\":\"https:\/\/futurafabrica.eu\/?s={search_term_string}\",\"query-input\":\"required name=search_term_string\"}],\"inLanguage\":\"fr-FR\"},{\"@type\":\"WebPage\",\"@id\":\"https:\/\/futurafabrica.eu\/fr\/brexit-2\/#webpage\",\"url\":\"https:\/\/futurafabrica.eu\/fr\/brexit-2\/\",\"name\":\"Brexit - Futura Fabrica\",\"isPartOf\":{\"@id\":\"https:\/\/futurafabrica.eu\/#website\"},\"datePublished\":\"2020-10-25T11:01:52+00:00\",\"dateModified\":\"2021-04-30T16:45:31+00:00\",\"description\":\"Futura Fabrica Brexit - Comment les r\\u00e9formes peuvent-elles emp\\u00eacher certains membres d\\u2019entraver le progr\\u00e8s, voire de se retirer ?\",\"inLanguage\":\"fr-FR\",\"potentialAction\":[{\"@type\":\"ReadAction\",\"target\":[\"https:\/\/futurafabrica.eu\/fr\/brexit-2\/\"]}]}]}<\/script>\n<!-- \/ Yoast SEO plugin. -->","_links":{"self":[{"href":"https:\/\/futurafabrica.eu\/fr\/wp-json\/wp\/v2\/pages\/4355\/"}],"collection":[{"href":"https:\/\/futurafabrica.eu\/fr\/wp-json\/wp\/v2\/pages\/"}],"about":[{"href":"https:\/\/futurafabrica.eu\/fr\/wp-json\/wp\/v2\/types\/page\/"}],"author":[{"embeddable":true,"href":"https:\/\/futurafabrica.eu\/fr\/wp-json\/wp\/v2\/users\/1\/"}],"replies":[{"embeddable":true,"href":"https:\/\/futurafabrica.eu\/fr\/wp-json\/wp\/v2\/comments\/?post=4355"}],"version-history":[{"count":12,"href":"https:\/\/futurafabrica.eu\/fr\/wp-json\/wp\/v2\/pages\/4355\/revisions\/"}],"predecessor-version":[{"id":5311,"href":"https:\/\/futurafabrica.eu\/fr\/wp-json\/wp\/v2\/pages\/4355\/revisions\/5311\/"}],"wp:attachment":[{"href":"https:\/\/futurafabrica.eu\/fr\/wp-json\/wp\/v2\/media\/?parent=4355"}],"curies":[{"name":"wp","href":"https:\/\/api.w.org\/{rel}","templated":true}]}}