{"id":4393,"date":"2020-10-25T12:05:24","date_gmt":"2020-10-25T11:05:24","guid":{"rendered":"https:\/\/futurafabrica.eu\/futurafabrica\/partenaires\/"},"modified":"2020-10-26T10:21:37","modified_gmt":"2020-10-26T09:21:37","slug":"partenaires","status":"publish","type":"page","link":"https:\/\/futurafabrica.eu\/fr\/partenaires\/","title":{"rendered":"Partenaires"},"content":{"rendered":"<div id='layer_slider_1'  class='avia-layerslider main_color avia-shadow  avia-builder-el-0  el_before_av_heading  avia-builder-el-first  container_wrap sidebar_right' style='  height: 501px;' ><\/div><div id='after_layer_slider_1'  class='main_color av_default_container_wrap container_wrap sidebar_right' style=' '  ><div class='container' ><div class='template-page content  av-content-small alpha units'><div class='post-entry post-entry-type-page post-entry-4393'><div class='entry-content-wrapper clearfix'>\n<div  style='padding-bottom:10px; ' class='av-special-heading av-special-heading-h3  blockquote classic-quote  avia-builder-el-1  el_after_av_layerslider  el_before_av_hr  avia-builder-el-first  '><h3 class='av-special-heading-tag '  itemprop=\"headline\"  >\u00abHommes recherch\u00e9s pour un voyage dangereux. Peu de salaire, froid et amer, des mois d\u2019obscurit\u00e9 totale, un danger permanent. Le retour \u00e0 la maison est douteux. L\u2019honneur et la gloire en cas de succ\u00e8s.\u00bb  <\/h3><div class='special-heading-border'><div class='special-heading-inner-border' ><\/div><\/div><\/div>\n<div   class='hr hr-default   avia-builder-el-2  el_after_av_heading  el_before_av_three_fifth '><span class='hr-inner ' ><span class='hr-inner-style'><\/span><\/span><\/div>\n<div class=\"flex_column av_three_fifth  flex_column_div av-zero-column-padding first  avia-builder-el-3  el_after_av_hr  el_before_av_three_fifth  \" style='border-radius:0px; '><p><div  style='padding-bottom:10px; ' class='av-special-heading av-special-heading-h1  blockquote modern-quote  avia-builder-el-4  el_before_av_hr  avia-builder-el-first  '><h1 class='av-special-heading-tag '  itemprop=\"headline\"  >Vous voulez soutenir activement notre atelier du futur ?<\/h1><div class ='av-subheading av-subheading_below  ' style='font-size:15px;'><p>Outre les contributions constructives au d\u00e9bat, nous nous r\u00e9jouissons de chaque partenaire strat\u00e9gique suppl\u00e9mentaire. Cela vaut en particulier pour les groupes cibles suivants:<\/p>\n<\/div><div class='special-heading-border'><div class='special-heading-inner-border' ><\/div><\/div><\/div><br \/>\n<div   class='hr hr-default   avia-builder-el-5  el_after_av_heading  avia-builder-el-last '><span class='hr-inner ' ><span class='hr-inner-style'><\/span><\/span><\/div><\/p><\/div><div class=\"flex_column av_three_fifth  flex_column_div av-zero-column-padding first  avia-builder-el-6  el_after_av_three_fifth  avia-builder-el-last  \" style='border-radius:0px; '><section class=\"av_textblock_section \"  itemscope=\"itemscope\" itemtype=\"https:\/\/schema.org\/CreativeWork\" ><div class='avia_textblock  '   itemprop=\"text\" ><ul>\n<li>Les partenaires m\u00e9diatiques qui souhaitent rendre compte des solutions les plus r\u00e9cemment propos\u00e9es par notre atelier d\u2019avenir ou qui peuvent nous aider dans le travail \u00e9ditorial<\/li>\n<li>Les d\u00e9cideurs politiques et \u00e9conomiques qui veulent devenir les parrains d\u2019un projet concret<\/li>\n<li>Des scientifiques qui valident et d\u00e9veloppent nos propositions<\/li>\n<li>Des mod\u00e9rateurs qui veulent organiser des ateliers d\u2019avenir dans leurs propres pays, r\u00e9gions et villes<\/li>\n<\/ul>\n<\/div><\/section><\/div><\/p>\n","protected":false},"excerpt":{"rendered":"","protected":false},"author":1,"featured_media":0,"parent":0,"menu_order":0,"comment_status":"closed","ping_status":"closed","template":"","meta":[],"yoast_head":"<!-- This site is optimized with the Yoast SEO plugin v15.2.1 - https:\/\/yoast.com\/wordpress\/plugins\/seo\/ -->\n<title>Partenaires - Futura Fabrica<\/title>\n<meta name=\"robots\" content=\"index, follow, max-snippet:-1, max-image-preview:large, max-video-preview:-1\" \/>\n<link rel=\"canonical\" href=\"https:\/\/futurafabrica.eu\/fr\/partenaires\/\" \/>\n<meta property=\"og:locale\" content=\"fr_FR\" \/>\n<meta property=\"og:type\" content=\"article\" \/>\n<meta property=\"og:title\" content=\"Partenaires - Futura Fabrica\" \/>\n<meta property=\"og:url\" content=\"https:\/\/futurafabrica.eu\/fr\/partenaires\/\" \/>\n<meta property=\"og:site_name\" content=\"Futura Fabrica\" \/>\n<meta property=\"article:modified_time\" content=\"2020-10-26T09:21:37+00:00\" \/>\n<meta name=\"twitter:card\" content=\"summary_large_image\" \/>\n<script type=\"application\/ld+json\" class=\"yoast-schema-graph\">{\"@context\":\"https:\/\/schema.org\",\"@graph\":[{\"@type\":\"WebSite\",\"@id\":\"https:\/\/futurafabrica.eu\/#website\",\"url\":\"https:\/\/futurafabrica.eu\/\",\"name\":\"Futura Fabrica\",\"description\":\"Wir bringen Probleml\\u00f6ser und Entscheider zusammen\",\"potentialAction\":[{\"@type\":\"SearchAction\",\"target\":\"https:\/\/futurafabrica.eu\/?s={search_term_string}\",\"query-input\":\"required name=search_term_string\"}],\"inLanguage\":\"fr-FR\"},{\"@type\":\"WebPage\",\"@id\":\"https:\/\/futurafabrica.eu\/fr\/partenaires\/#webpage\",\"url\":\"https:\/\/futurafabrica.eu\/fr\/partenaires\/\",\"name\":\"Partenaires - Futura Fabrica\",\"isPartOf\":{\"@id\":\"https:\/\/futurafabrica.eu\/#website\"},\"datePublished\":\"2020-10-25T11:05:24+00:00\",\"dateModified\":\"2020-10-26T09:21:37+00:00\",\"inLanguage\":\"fr-FR\",\"potentialAction\":[{\"@type\":\"ReadAction\",\"target\":[\"https:\/\/futurafabrica.eu\/fr\/partenaires\/\"]}]}]}<\/script>\n<!-- \/ Yoast SEO plugin. -->","_links":{"self":[{"href":"https:\/\/futurafabrica.eu\/fr\/wp-json\/wp\/v2\/pages\/4393\/"}],"collection":[{"href":"https:\/\/futurafabrica.eu\/fr\/wp-json\/wp\/v2\/pages\/"}],"about":[{"href":"https:\/\/futurafabrica.eu\/fr\/wp-json\/wp\/v2\/types\/page\/"}],"author":[{"embeddable":true,"href":"https:\/\/futurafabrica.eu\/fr\/wp-json\/wp\/v2\/users\/1\/"}],"replies":[{"embeddable":true,"href":"https:\/\/futurafabrica.eu\/fr\/wp-json\/wp\/v2\/comments\/?post=4393"}],"version-history":[{"count":8,"href":"https:\/\/futurafabrica.eu\/fr\/wp-json\/wp\/v2\/pages\/4393\/revisions\/"}],"predecessor-version":[{"id":4793,"href":"https:\/\/futurafabrica.eu\/fr\/wp-json\/wp\/v2\/pages\/4393\/revisions\/4793\/"}],"wp:attachment":[{"href":"https:\/\/futurafabrica.eu\/fr\/wp-json\/wp\/v2\/media\/?parent=4393"}],"curies":[{"name":"wp","href":"https:\/\/api.w.org\/{rel}","templated":true}]}}