{"id":4418,"date":"2020-10-25T12:07:20","date_gmt":"2020-10-25T11:07:20","guid":{"rendered":"https:\/\/futurafabrica.eu\/futurafabrica\/blog-2\/"},"modified":"2020-11-24T12:36:42","modified_gmt":"2020-11-24T11:36:42","slug":"blog-2","status":"publish","type":"page","link":"https:\/\/futurafabrica.eu\/fr\/blog-2\/","title":{"rendered":"Blog"},"content":{"rendered":"<div id='av_section_1'  class='avia-section main_color avia-section-default avia-no-border-styling  avia-bg-style-scroll  avia-builder-el-0  el_before_av_masonry_entries  avia-builder-el-first   container_wrap sidebar_right' style='background-color: #ebf0f1;  '  ><div class='container' ><main  role=\"main\" itemprop=\"mainContentOfPage\"  class='template-page content  av-content-small alpha units'><div class='post-entry post-entry-type-page post-entry-4418'><div class='entry-content-wrapper clearfix'>\n<div class=\"flex_column av_one_fifth  flex_column_div av-zero-column-padding first  avia-builder-el-1  el_before_av_three_fifth  avia-builder-el-first  \" style='border-radius:0px; '><\/div><div class=\"flex_column av_three_fifth  flex_column_div av-zero-column-padding   avia-builder-el-2  el_after_av_one_fifth  el_before_av_one_fifth  \" style='border-radius:0px; '><p><div  style='padding-bottom:10px; ' class='av-special-heading av-special-heading-h3  blockquote classic-quote  avia-builder-el-3  el_before_av_textblock  avia-builder-el-first  '><h3 class='av-special-heading-tag '  itemprop=\"headline\"  >Victor Hugo savait d\u00e9j\u00e0:<br \/>\u00ab Rien n\u2019est plus fort qu\u2019une id\u00e9e dont le temps est venu. \u00bb<\/h3><div class='special-heading-border'><div class='special-heading-inner-border' ><\/div><\/div><\/div><br \/>\n<section class=\"av_textblock_section \"  itemscope=\"itemscope\" itemtype=\"https:\/\/schema.org\/CreativeWork\" ><div class='avia_textblock  '   itemprop=\"text\" ><p style=\"text-align: center\">Qu\u2019en est-il de vos propres id\u00e9es ? \u00c9crivez-nous vos commentaires. Veuillez noter que notre r\u00e9daction se r\u00e9serve le droit de pr\u00e9-v\u00e9rifier les posts avant leur d\u00e9verrouillage et de supprimer directement les messages haineux et les fausses nouvelles.<\/p>\n<\/div><\/section><\/p><\/div><div class=\"flex_column av_one_fifth  flex_column_div av-zero-column-padding   avia-builder-el-5  el_after_av_three_fifth  avia-builder-el-last  \" style='border-radius:0px; '><\/div>\n\n<div id='av-masonry-1' class='av-masonry  noHover av-fixed-size av-large-gap av-hover-overlay-active av-masonry-animation-active av-masonry-col-flexible av-caption-on-hover-hide av-caption-style-    ' style='background-color:#ebf0f1; ' ><div class='av-masonry-sort main_color av-sort-yes' data-masonry-id='1' ><div class='av-sort-by-term  ' data-av-allowed-sort='[\"europe-fr_sort\",\"futur_sort\",\"nouvelles_sort\"]' ><a href=\"#\" data-filter=\"all_sort\" class=\"all_sort_button active_sort\"><span class=\"inner_sort_button\"><span>Tout<\/span><small class=\"avia-term-count\"> 2 <\/small><\/span><\/a><span class='text-sep europe-fr_sort_sep avia_show_sort'>\/<\/span><a href=\"#\" data-filter=\"europe-fr_sort\" class=\"europe-fr_sort_button avia_show_sort\" ><span class=\"inner_sort_button\"><span>Europe<\/span><small class='avia-term-count'> 1 <\/small><\/span><\/a><span class='text-sep futur_sort_sep avia_show_sort'>\/<\/span><a href=\"#\" data-filter=\"futur_sort\" class=\"futur_sort_button avia_show_sort\" ><span class=\"inner_sort_button\"><span>futur<\/span><small class='avia-term-count'> 1 <\/small><\/span><\/a><span class='text-sep nouvelles_sort_sep avia_show_sort'>\/<\/span><a href=\"#\" data-filter=\"nouvelles_sort\" class=\"nouvelles_sort_button avia_show_sort\" ><span class=\"inner_sort_button\"><span>Nouvelles<\/span><small class='avia-term-count'> 1 <\/small><\/span><\/a><\/div><\/div><div class='av-masonry-container isotope av-js-disabled ' ><div class='av-masonry-entry isotope-item av-masonry-item-no-image all_sort europe-fr_sort  nouvelles_sort  futur_sort '><\/div><a href=\"https:\/\/futurafabrica.eu\/fr\/mecanisme-de-letat-de-droit-lue-a-la-croisee-des-chemins\/\"  id='av-masonry-1-item-5278' data-av-masonry-item='5278' class='av-masonry-entry isotope-item post-5278 post type-post status-publish format-standard has-post-thumbnail hentry category-europe-fr category-nouvelles tag-landscape-fr tag-portrait-fr all_sort europe-fr_sort  nouvelles_sort  av-masonry-item-with-image av-grid-img' title=\"Drapeau de veto de l\u2019UE\"  itemscope=\"itemscope\" itemtype=\"https:\/\/schema.org\/CreativeWork\" ><div class='av-inner-masonry-sizer'><\/div><figure class='av-inner-masonry main_color'><div class=\"av-masonry-outerimage-container\"><div class=\"av-masonry-image-container\" style=\"background-image: url(https:\/\/futurafabrica.eu\/wp-content\/uploads\/2020\/11\/EU-Veto-Flagge-705x466.jpeg);\" title=\"Drapeau de veto de l\u2019UE\" ><\/div><\/div><figcaption class='av-inner-masonry-content site-background'><div class='av-inner-masonry-content-pos'><div class='av-inner-masonry-content-pos-content'><div class='avia-arrow'><\/div><h3 class='av-masonry-entry-title entry-title '  itemprop=\"headline\" >M\u00e9canisme de l\u2019\u00c9tat de droit &#8211; L\u2019UE \u00e0 la crois\u00e9e des chemins<\/h3><div class='av-masonry-entry-content entry-content'  itemprop=\"text\" >C\u2019est arriv\u00e9 une fois de plus. L\u2019UE est incapable d\u2019agir en raison de probl\u00e8mes de vote au sein du Conseil afin de d\u00e9bloquer l\u2019aide Corona dont elle a cruellement besoin.<\/div><span class='av-masonry-date meta-color updated'>24. novembre 2020<\/span><span class=\"av-masonry-text-sep text-sep-author\">\/<\/span><span class='av-masonry-author meta-color author'><span class='fn'>par Hubert Iral<\/span><\/span><\/div><\/div><\/figcaption><\/figure><\/a><!--end av-masonry entry--><a href=\"https:\/\/futurafabrica.eu\/fr\/la-banque-centrale-europeenne-etudie-lintroduction-de-sa-propre-monnaie-numerique\/\"  id='av-masonry-1-item-4495' data-av-masonry-item='4495' class='av-masonry-entry isotope-item post-4495 post type-post status-publish format-standard has-post-thumbnail hentry category-futur tag-landscape-fr tag-numerisation tag-potrait all_sort futur_sort  av-masonry-item-with-image av-grid-img' title=\"La Banque centrale europ\u00e9enne \u00e9tudie l\u2019introduction de sa propre monnaie num\u00e9rique\"  itemscope=\"itemscope\" itemtype=\"https:\/\/schema.org\/CreativeWork\" ><div class='av-inner-masonry-sizer'><\/div><figure class='av-inner-masonry main_color'><div class=\"av-masonry-outerimage-container\"><div class=\"av-masonry-image-container\" style=\"background-image: url(https:\/\/futurafabrica.eu\/wp-content\/uploads\/2011\/02\/zentralbank-blog-705x458.jpg);\" title=\"La Banque centrale europ\u00e9enne \u00e9tudie l\u2019introduction de sa propre monnaie num\u00e9rique\"  alt=\"La Banque centrale europ\u00e9enne \u00e9tudie l\u2019introduction de sa propre monnaie num\u00e9rique\" ><\/div><\/div><figcaption class='av-inner-masonry-content site-background'><div class='av-inner-masonry-content-pos'><div class='av-inner-masonry-content-pos-content'><div class='avia-arrow'><\/div><h3 class='av-masonry-entry-title entry-title '  itemprop=\"headline\" >La Banque centrale europ\u00e9enne \u00e9tudie l\u2019introduction de sa propre monnaie num\u00e9rique.<\/h3><div class='av-masonry-entry-content entry-content'  itemprop=\"text\" >La BCE a cr\u00e9\u00e9 un groupe de travail avec les banques centrales suisse, su\u00e9doise, britannique et canadienne et la Banque des r\u00e8glements internationaux pour ce grand projet.<\/div><span class='av-masonry-date meta-color updated'>25. octobre 2020<\/span><span class=\"av-masonry-text-sep text-sep-author\">\/<\/span><span class='av-masonry-author meta-color author'><span class='fn'>par Markus Lempa<\/span><\/span><\/div><\/div><\/figcaption><\/figure><\/a><!--end av-masonry entry--><\/div><\/div>\n","protected":false},"excerpt":{"rendered":"","protected":false},"author":1,"featured_media":0,"parent":0,"menu_order":0,"comment_status":"open","ping_status":"closed","template":"","meta":[],"yoast_head":"<!-- This site is optimized with the Yoast SEO plugin v15.2.1 - https:\/\/yoast.com\/wordpress\/plugins\/seo\/ -->\n<title>Blog - Futura Fabrica<\/title>\n<meta name=\"robots\" content=\"index, follow, max-snippet:-1, max-image-preview:large, max-video-preview:-1\" \/>\n<link rel=\"canonical\" href=\"https:\/\/futurafabrica.eu\/fr\/blog-2\/\" \/>\n<meta property=\"og:locale\" content=\"fr_FR\" \/>\n<meta property=\"og:type\" content=\"article\" \/>\n<meta property=\"og:title\" content=\"Blog - Futura Fabrica\" \/>\n<meta property=\"og:url\" content=\"https:\/\/futurafabrica.eu\/fr\/blog-2\/\" \/>\n<meta property=\"og:site_name\" content=\"Futura Fabrica\" \/>\n<meta property=\"article:modified_time\" content=\"2020-11-24T11:36:42+00:00\" \/>\n<meta name=\"twitter:card\" content=\"summary_large_image\" \/>\n<script type=\"application\/ld+json\" class=\"yoast-schema-graph\">{\"@context\":\"https:\/\/schema.org\",\"@graph\":[{\"@type\":\"WebSite\",\"@id\":\"https:\/\/futurafabrica.eu\/#website\",\"url\":\"https:\/\/futurafabrica.eu\/\",\"name\":\"Futura Fabrica\",\"description\":\"Wir bringen Probleml\\u00f6ser und Entscheider zusammen\",\"potentialAction\":[{\"@type\":\"SearchAction\",\"target\":\"https:\/\/futurafabrica.eu\/?s={search_term_string}\",\"query-input\":\"required name=search_term_string\"}],\"inLanguage\":\"fr-FR\"},{\"@type\":\"WebPage\",\"@id\":\"https:\/\/futurafabrica.eu\/fr\/blog-2\/#webpage\",\"url\":\"https:\/\/futurafabrica.eu\/fr\/blog-2\/\",\"name\":\"Blog - Futura Fabrica\",\"isPartOf\":{\"@id\":\"https:\/\/futurafabrica.eu\/#website\"},\"datePublished\":\"2020-10-25T11:07:20+00:00\",\"dateModified\":\"2020-11-24T11:36:42+00:00\",\"inLanguage\":\"fr-FR\",\"potentialAction\":[{\"@type\":\"ReadAction\",\"target\":[\"https:\/\/futurafabrica.eu\/fr\/blog-2\/\"]}]}]}<\/script>\n<!-- \/ Yoast SEO plugin. -->","_links":{"self":[{"href":"https:\/\/futurafabrica.eu\/fr\/wp-json\/wp\/v2\/pages\/4418\/"}],"collection":[{"href":"https:\/\/futurafabrica.eu\/fr\/wp-json\/wp\/v2\/pages\/"}],"about":[{"href":"https:\/\/futurafabrica.eu\/fr\/wp-json\/wp\/v2\/types\/page\/"}],"author":[{"embeddable":true,"href":"https:\/\/futurafabrica.eu\/fr\/wp-json\/wp\/v2\/users\/1\/"}],"replies":[{"embeddable":true,"href":"https:\/\/futurafabrica.eu\/fr\/wp-json\/wp\/v2\/comments\/?post=4418"}],"version-history":[{"count":9,"href":"https:\/\/futurafabrica.eu\/fr\/wp-json\/wp\/v2\/pages\/4418\/revisions\/"}],"predecessor-version":[{"id":5284,"href":"https:\/\/futurafabrica.eu\/fr\/wp-json\/wp\/v2\/pages\/4418\/revisions\/5284\/"}],"wp:attachment":[{"href":"https:\/\/futurafabrica.eu\/fr\/wp-json\/wp\/v2\/media\/?parent=4418"}],"curies":[{"name":"wp","href":"https:\/\/api.w.org\/{rel}","templated":true}]}}